{"id":6646,"date":"2021-03-16T18:44:53","date_gmt":"2021-03-17T00:44:53","guid":{"rendered":"https:\/\/local.enviaya.com.mx\/ampm\/"},"modified":"2021-03-16T18:45:13","modified_gmt":"2021-03-17T00:45:13","slug":"ampm","status":"publish","type":"page","link":"https:\/\/enviaya.com.mx\/en\/ampm\/","title":{"rendered":"Ampm Group"},"content":{"rendered":"<div id=\"cs-content\" class=\"cs-content\"><\/div>\n","protected":false},"excerpt":{"rendered":"<p> &#8230; <\/p>\n<div><a href=\"https:\/\/enviaya.com.mx\/en\/ampm\/\" class=\"more-link\">Read More<\/a><\/div>\n","protected":false},"author":1,"featured_media":0,"parent":0,"menu_order":10,"comment_status":"closed","ping_status":"closed","template":"template-blank-4.php","meta":{"footnotes":""},"class_list":["post-6646","page","type-page","status-publish","hentry","no-post-thumbnail"],"yoast_head":"<!-- This site is optimized with the Yoast SEO Premium plugin v22.9 (Yoast SEO v26.1.1) - https:\/\/yoast.com\/wordpress\/plugins\/seo\/ -->\n<title>Get ampm shipping quotes at the best rates- Env\u00edaYa<\/title>\n<meta name=\"description\" content=\"Get your Grupo ampm shipping quote with EnviaYa at the best rates. For you, your business or your online store. Manage your shipments faster and cheaper.\" \/>\n<meta name=\"robots\" content=\"index, follow, max-snippet:-1, max-image-preview:large, max-video-preview:-1\" \/>\n<link rel=\"canonical\" href=\"https:\/\/enviaya.com.mx\/en\/ampm\/\" \/>\n<meta property=\"og:locale\" content=\"en_US\" \/>\n<meta property=\"og:type\" content=\"article\" \/>\n<meta property=\"og:title\" content=\"Sendex Shipping - Quote, track and the best rates\" \/>\n<meta property=\"og:description\" content=\"Get your Sendex shipping quote with EnviaYa at the best rates. For you, your business or your online store. Manage your shipments faster and cheaper.\" \/>\n<meta property=\"og:url\" content=\"https:\/\/enviaya.com.mx\/en\/ampm\/\" \/>\n<meta property=\"og:site_name\" content=\"Env\u00edaYa\" \/>\n<meta property=\"article:modified_time\" content=\"2021-03-17T00:45:13+00:00\" \/>\n<meta property=\"og:image\" content=\"https:\/\/enviaya.com.mx\/wp-content\/uploads\/camion-y-ciudad-grupo-ampm.png\" \/>\n<meta name=\"twitter:card\" content=\"summary_large_image\" \/>\n<meta name=\"twitter:title\" content=\"Ampm Group\" \/>\n<meta name=\"twitter:label1\" content=\"Est. reading time\" \/>\n\t<meta name=\"twitter:data1\" content=\"7 minutes\" \/>\n<script type=\"application\/ld+json\" class=\"yoast-schema-graph\">{\"@context\":\"https:\/\/schema.org\",\"@graph\":[{\"@type\":\"WebPage\",\"@id\":\"https:\/\/enviaya.com.mx\/en\/ampm\/\",\"url\":\"https:\/\/enviaya.com.mx\/en\/ampm\/\",\"name\":\"Get ampm shipping quotes at the best rates- Env\u00edaYa\",\"isPartOf\":{\"@id\":\"https:\/\/enviaya.com.mx\/en\/#website\"},\"datePublished\":\"2021-03-17T00:44:53+00:00\",\"dateModified\":\"2021-03-17T00:45:13+00:00\",\"description\":\"Get your Grupo ampm shipping quote with EnviaYa at the best rates. For you, your business or your online store. Manage your shipments faster and cheaper.\",\"breadcrumb\":{\"@id\":\"https:\/\/enviaya.com.mx\/en\/ampm\/#breadcrumb\"},\"inLanguage\":\"en-US\",\"potentialAction\":[{\"@type\":\"ReadAction\",\"target\":[\"https:\/\/enviaya.com.mx\/en\/ampm\/\"]}]},{\"@type\":\"BreadcrumbList\",\"@id\":\"https:\/\/enviaya.com.mx\/en\/ampm\/#breadcrumb\",\"itemListElement\":[{\"@type\":\"ListItem\",\"position\":1,\"name\":\"Home\",\"item\":\"https:\/\/enviaya.com.mx\/en\/\"},{\"@type\":\"ListItem\",\"position\":2,\"name\":\"Ampm Group\"}]},{\"@type\":\"WebSite\",\"@id\":\"https:\/\/enviaya.com.mx\/en\/#website\",\"url\":\"https:\/\/enviaya.com.mx\/en\/\",\"name\":\"Env\u00edaYa\",\"description\":\"Cotiza y administra tus env\u00edos en todas las mensajer\u00edas en un solo lugar y al mejor precio.\",\"potentialAction\":[{\"@type\":\"SearchAction\",\"target\":{\"@type\":\"EntryPoint\",\"urlTemplate\":\"https:\/\/enviaya.com.mx\/en\/?s={search_term_string}\"},\"query-input\":{\"@type\":\"PropertyValueSpecification\",\"valueRequired\":true,\"valueName\":\"search_term_string\"}}],\"inLanguage\":\"en-US\"}]}<\/script>\n<!-- \/ Yoast SEO Premium plugin. -->","yoast_head_json":{"title":"Get ampm shipping quotes at the best rates- Env\u00edaYa","description":"Get your Grupo ampm shipping quote with EnviaYa at the best rates. For you, your business or your online store. Manage your shipments faster and cheaper.","robots":{"index":"index","follow":"follow","max-snippet":"max-snippet:-1","max-image-preview":"max-image-preview:large","max-video-preview":"max-video-preview:-1"},"canonical":"https:\/\/enviaya.com.mx\/en\/ampm\/","og_locale":"en_US","og_type":"article","og_title":"Sendex Shipping - Quote, track and the best rates","og_description":"Get your Sendex shipping quote with EnviaYa at the best rates. For you, your business or your online store. Manage your shipments faster and cheaper.","og_url":"https:\/\/enviaya.com.mx\/en\/ampm\/","og_site_name":"Env\u00edaYa","article_modified_time":"2021-03-17T00:45:13+00:00","og_image":[{"url":"https:\/\/enviaya.com.mx\/wp-content\/uploads\/camion-y-ciudad-grupo-ampm.png","type":"","width":"","height":""}],"twitter_card":"summary_large_image","twitter_title":"Ampm Group","twitter_misc":{"Est. reading time":"7 minutes"},"schema":{"@context":"https:\/\/schema.org","@graph":[{"@type":"WebPage","@id":"https:\/\/enviaya.com.mx\/en\/ampm\/","url":"https:\/\/enviaya.com.mx\/en\/ampm\/","name":"Get ampm shipping quotes at the best rates- Env\u00edaYa","isPartOf":{"@id":"https:\/\/enviaya.com.mx\/en\/#website"},"datePublished":"2021-03-17T00:44:53+00:00","dateModified":"2021-03-17T00:45:13+00:00","description":"Get your Grupo ampm shipping quote with EnviaYa at the best rates. For you, your business or your online store. Manage your shipments faster and cheaper.","breadcrumb":{"@id":"https:\/\/enviaya.com.mx\/en\/ampm\/#breadcrumb"},"inLanguage":"en-US","potentialAction":[{"@type":"ReadAction","target":["https:\/\/enviaya.com.mx\/en\/ampm\/"]}]},{"@type":"BreadcrumbList","@id":"https:\/\/enviaya.com.mx\/en\/ampm\/#breadcrumb","itemListElement":[{"@type":"ListItem","position":1,"name":"Home","item":"https:\/\/enviaya.com.mx\/en\/"},{"@type":"ListItem","position":2,"name":"Ampm Group"}]},{"@type":"WebSite","@id":"https:\/\/enviaya.com.mx\/en\/#website","url":"https:\/\/enviaya.com.mx\/en\/","name":"Env\u00edaYa","description":"Cotiza y administra tus env\u00edos en todas las mensajer\u00edas en un solo lugar y al mejor precio.","potentialAction":[{"@type":"SearchAction","target":{"@type":"EntryPoint","urlTemplate":"https:\/\/enviaya.com.mx\/en\/?s={search_term_string}"},"query-input":{"@type":"PropertyValueSpecification","valueRequired":true,"valueName":"search_term_string"}}],"inLanguage":"en-US"}]}},"_links":{"self":[{"href":"https:\/\/enviaya.com.mx\/en\/wp-json\/wp\/v2\/pages\/6646","targetHints":{"allow":["GET"]}}],"collection":[{"href":"https:\/\/enviaya.com.mx\/en\/wp-json\/wp\/v2\/pages"}],"about":[{"href":"https:\/\/enviaya.com.mx\/en\/wp-json\/wp\/v2\/types\/page"}],"author":[{"embeddable":true,"href":"https:\/\/enviaya.com.mx\/en\/wp-json\/wp\/v2\/users\/1"}],"replies":[{"embeddable":true,"href":"https:\/\/enviaya.com.mx\/en\/wp-json\/wp\/v2\/comments?post=6646"}],"version-history":[{"count":1,"href":"https:\/\/enviaya.com.mx\/en\/wp-json\/wp\/v2\/pages\/6646\/revisions"}],"predecessor-version":[{"id":6649,"href":"https:\/\/enviaya.com.mx\/en\/wp-json\/wp\/v2\/pages\/6646\/revisions\/6649"}],"wp:attachment":[{"href":"https:\/\/enviaya.com.mx\/en\/wp-json\/wp\/v2\/media?parent=6646"}],"curies":[{"name":"wp","href":"https:\/\/api.w.org\/{rel}","templated":true}]}}