{"id":6654,"date":"2021-03-16T18:44:55","date_gmt":"2021-03-17T00:44:55","guid":{"rendered":"https:\/\/local.enviaya.com.mx\/shipping-prices\/"},"modified":"2021-03-16T18:44:55","modified_gmt":"2021-03-17T00:44:55","slug":"shipping-prices","status":"publish","type":"page","link":"https:\/\/enviaya.com.mx\/en\/shipping-prices\/","title":{"rendered":"The best prices for shipments with all the parcel companies."},"content":{"rendered":"<div id=\"cs-content\" class=\"cs-content\"><\/div>\n","protected":false},"excerpt":{"rendered":"<p> &#8230; <\/p>\n<div><a href=\"https:\/\/enviaya.com.mx\/en\/shipping-prices\/\" class=\"more-link\">Read More<\/a><\/div>\n","protected":false},"author":1,"featured_media":0,"parent":0,"menu_order":0,"comment_status":"closed","ping_status":"closed","template":"template-blank-4.php","meta":{"footnotes":""},"class_list":["post-6654","page","type-page","status-publish","hentry","no-post-thumbnail"],"yoast_head":"<!-- This site is optimized with the Yoast SEO Premium plugin v22.9 (Yoast SEO v26.1.1) - https:\/\/yoast.com\/wordpress\/plugins\/seo\/ -->\n<title>The best prices for shipments in all parcel companies - Env\u00edaYa<\/title>\n<meta name=\"description\" content=\"Get your quote and the best rate sending your parcel with on FedEx, DHL, UPS, Redpack, iVoy, 99minutos, Sendex and Paquetexpress. Make your shipments online.\" \/>\n<meta name=\"robots\" content=\"index, follow, max-snippet:-1, max-image-preview:large, max-video-preview:-1\" \/>\n<link rel=\"canonical\" href=\"https:\/\/enviaya.com.mx\/en\/shipping-prices\/\" \/>\n<meta property=\"og:locale\" content=\"en_US\" \/>\n<meta property=\"og:type\" content=\"article\" \/>\n<meta property=\"og:title\" content=\"The best prices for shipments with all the parcel companies.\" \/>\n<meta property=\"og:description\" content=\"Get your quote and the best rate sending your parcel with on FedEx, DHL, UPS, Redpack, iVoy, 99minutos, Sendex and Paquetexpress. Make your shipments online.\" \/>\n<meta property=\"og:url\" content=\"https:\/\/enviaya.com.mx\/en\/shipping-prices\/\" \/>\n<meta property=\"og:site_name\" content=\"Env\u00edaYa\" \/>\n<meta property=\"og:image\" content=\"https:\/\/enviaya.com.mx\/wp-content\/uploads\/UPS.svg\" \/>\n<meta name=\"twitter:card\" content=\"summary_large_image\" \/>\n<meta name=\"twitter:label1\" content=\"Est. reading time\" \/>\n\t<meta name=\"twitter:data1\" content=\"2 minutes\" \/>\n<script type=\"application\/ld+json\" class=\"yoast-schema-graph\">{\"@context\":\"https:\/\/schema.org\",\"@graph\":[{\"@type\":\"WebPage\",\"@id\":\"https:\/\/enviaya.com.mx\/en\/shipping-prices\/\",\"url\":\"https:\/\/enviaya.com.mx\/en\/shipping-prices\/\",\"name\":\"The best prices for shipments in all parcel companies - Env\u00edaYa\",\"isPartOf\":{\"@id\":\"https:\/\/enviaya.com.mx\/en\/#website\"},\"primaryImageOfPage\":{\"@id\":\"https:\/\/enviaya.com.mx\/en\/shipping-prices\/#primaryimage\"},\"image\":{\"@id\":\"https:\/\/enviaya.com.mx\/en\/shipping-prices\/#primaryimage\"},\"thumbnailUrl\":\"https:\/\/enviaya.com.mx\/wp-content\/uploads\/Envios.svg\",\"datePublished\":\"2021-03-17T00:44:55+00:00\",\"description\":\"Get your quote and the best rate sending your parcel with on FedEx, DHL, UPS, Redpack, iVoy, 99minutos, Sendex and Paquetexpress. Make your shipments online.\",\"breadcrumb\":{\"@id\":\"https:\/\/enviaya.com.mx\/en\/shipping-prices\/#breadcrumb\"},\"inLanguage\":\"en-US\",\"potentialAction\":[{\"@type\":\"ReadAction\",\"target\":[\"https:\/\/enviaya.com.mx\/en\/shipping-prices\/\"]}]},{\"@type\":\"ImageObject\",\"inLanguage\":\"en-US\",\"@id\":\"https:\/\/enviaya.com.mx\/en\/shipping-prices\/#primaryimage\",\"url\":\"https:\/\/enviaya.com.mx\/wp-content\/uploads\/Envios.svg\",\"contentUrl\":\"https:\/\/enviaya.com.mx\/wp-content\/uploads\/Envios.svg\"},{\"@type\":\"BreadcrumbList\",\"@id\":\"https:\/\/enviaya.com.mx\/en\/shipping-prices\/#breadcrumb\",\"itemListElement\":[{\"@type\":\"ListItem\",\"position\":1,\"name\":\"Home\",\"item\":\"https:\/\/enviaya.com.mx\/en\/\"},{\"@type\":\"ListItem\",\"position\":2,\"name\":\"The best prices for shipments with all the parcel companies.\"}]},{\"@type\":\"WebSite\",\"@id\":\"https:\/\/enviaya.com.mx\/en\/#website\",\"url\":\"https:\/\/enviaya.com.mx\/en\/\",\"name\":\"Env\u00edaYa\",\"description\":\"Cotiza y administra tus env\u00edos en todas las mensajer\u00edas en un solo lugar y al mejor precio.\",\"potentialAction\":[{\"@type\":\"SearchAction\",\"target\":{\"@type\":\"EntryPoint\",\"urlTemplate\":\"https:\/\/enviaya.com.mx\/en\/?s={search_term_string}\"},\"query-input\":{\"@type\":\"PropertyValueSpecification\",\"valueRequired\":true,\"valueName\":\"search_term_string\"}}],\"inLanguage\":\"en-US\"}]}<\/script>\n<!-- \/ Yoast SEO Premium plugin. -->","yoast_head_json":{"title":"The best prices for shipments in all parcel companies - Env\u00edaYa","description":"Get your quote and the best rate sending your parcel with on FedEx, DHL, UPS, Redpack, iVoy, 99minutos, Sendex and Paquetexpress. Make your shipments online.","robots":{"index":"index","follow":"follow","max-snippet":"max-snippet:-1","max-image-preview":"max-image-preview:large","max-video-preview":"max-video-preview:-1"},"canonical":"https:\/\/enviaya.com.mx\/en\/shipping-prices\/","og_locale":"en_US","og_type":"article","og_title":"The best prices for shipments with all the parcel companies.","og_description":"Get your quote and the best rate sending your parcel with on FedEx, DHL, UPS, Redpack, iVoy, 99minutos, Sendex and Paquetexpress. Make your shipments online.","og_url":"https:\/\/enviaya.com.mx\/en\/shipping-prices\/","og_site_name":"Env\u00edaYa","og_image":[{"url":"https:\/\/enviaya.com.mx\/wp-content\/uploads\/UPS.svg","type":"","width":"","height":""}],"twitter_card":"summary_large_image","twitter_misc":{"Est. reading time":"2 minutes"},"schema":{"@context":"https:\/\/schema.org","@graph":[{"@type":"WebPage","@id":"https:\/\/enviaya.com.mx\/en\/shipping-prices\/","url":"https:\/\/enviaya.com.mx\/en\/shipping-prices\/","name":"The best prices for shipments in all parcel companies - Env\u00edaYa","isPartOf":{"@id":"https:\/\/enviaya.com.mx\/en\/#website"},"primaryImageOfPage":{"@id":"https:\/\/enviaya.com.mx\/en\/shipping-prices\/#primaryimage"},"image":{"@id":"https:\/\/enviaya.com.mx\/en\/shipping-prices\/#primaryimage"},"thumbnailUrl":"https:\/\/enviaya.com.mx\/wp-content\/uploads\/Envios.svg","datePublished":"2021-03-17T00:44:55+00:00","description":"Get your quote and the best rate sending your parcel with on FedEx, DHL, UPS, Redpack, iVoy, 99minutos, Sendex and Paquetexpress. Make your shipments online.","breadcrumb":{"@id":"https:\/\/enviaya.com.mx\/en\/shipping-prices\/#breadcrumb"},"inLanguage":"en-US","potentialAction":[{"@type":"ReadAction","target":["https:\/\/enviaya.com.mx\/en\/shipping-prices\/"]}]},{"@type":"ImageObject","inLanguage":"en-US","@id":"https:\/\/enviaya.com.mx\/en\/shipping-prices\/#primaryimage","url":"https:\/\/enviaya.com.mx\/wp-content\/uploads\/Envios.svg","contentUrl":"https:\/\/enviaya.com.mx\/wp-content\/uploads\/Envios.svg"},{"@type":"BreadcrumbList","@id":"https:\/\/enviaya.com.mx\/en\/shipping-prices\/#breadcrumb","itemListElement":[{"@type":"ListItem","position":1,"name":"Home","item":"https:\/\/enviaya.com.mx\/en\/"},{"@type":"ListItem","position":2,"name":"The best prices for shipments with all the parcel companies."}]},{"@type":"WebSite","@id":"https:\/\/enviaya.com.mx\/en\/#website","url":"https:\/\/enviaya.com.mx\/en\/","name":"Env\u00edaYa","description":"Cotiza y administra tus env\u00edos en todas las mensajer\u00edas en un solo lugar y al mejor precio.","potentialAction":[{"@type":"SearchAction","target":{"@type":"EntryPoint","urlTemplate":"https:\/\/enviaya.com.mx\/en\/?s={search_term_string}"},"query-input":{"@type":"PropertyValueSpecification","valueRequired":true,"valueName":"search_term_string"}}],"inLanguage":"en-US"}]}},"_links":{"self":[{"href":"https:\/\/enviaya.com.mx\/en\/wp-json\/wp\/v2\/pages\/6654","targetHints":{"allow":["GET"]}}],"collection":[{"href":"https:\/\/enviaya.com.mx\/en\/wp-json\/wp\/v2\/pages"}],"about":[{"href":"https:\/\/enviaya.com.mx\/en\/wp-json\/wp\/v2\/types\/page"}],"author":[{"embeddable":true,"href":"https:\/\/enviaya.com.mx\/en\/wp-json\/wp\/v2\/users\/1"}],"replies":[{"embeddable":true,"href":"https:\/\/enviaya.com.mx\/en\/wp-json\/wp\/v2\/comments?post=6654"}],"version-history":[{"count":0,"href":"https:\/\/enviaya.com.mx\/en\/wp-json\/wp\/v2\/pages\/6654\/revisions"}],"wp:attachment":[{"href":"https:\/\/enviaya.com.mx\/en\/wp-json\/wp\/v2\/media?parent=6654"}],"curies":[{"name":"wp","href":"https:\/\/api.w.org\/{rel}","templated":true}]}}