{"id":6686,"date":"2021-03-16T18:45:07","date_gmt":"2021-03-17T00:45:07","guid":{"rendered":"https:\/\/local.enviaya.com.mx\/prepaid-waybills\/"},"modified":"2021-03-16T18:45:07","modified_gmt":"2021-03-17T00:45:07","slug":"prepaid-waybills","status":"publish","type":"page","link":"https:\/\/enviaya.com.mx\/en\/prepaid-waybills\/","title":{"rendered":"Prepaid waybills"},"content":{"rendered":"<div id=\"cs-content\" class=\"cs-content\"><\/div>\n","protected":false},"excerpt":{"rendered":"<p> &#8230; <\/p>\n<div><a href=\"https:\/\/enviaya.com.mx\/en\/prepaid-waybills\/\" class=\"more-link\">Read More<\/a><\/div>\n","protected":false},"author":1,"featured_media":0,"parent":0,"menu_order":0,"comment_status":"closed","ping_status":"closed","template":"template-blank-4.php","meta":{"footnotes":""},"class_list":["post-6686","page","type-page","status-publish","hentry","no-post-thumbnail"],"yoast_head":"<!-- This site is optimized with the Yoast SEO Premium plugin v22.9 (Yoast SEO v26.1.1) - https:\/\/yoast.com\/wordpress\/plugins\/seo\/ -->\n<title>Prepaid waybills (FedEx, DHL, Redpack and others) | EnviaYa<\/title>\n<meta name=\"description\" content=\"Buy domestic and international prepaid waybills at the best price with FedEx, DHL, Redpack and other carriers in our shipping quote engine.\" \/>\n<meta name=\"robots\" content=\"index, follow, max-snippet:-1, max-image-preview:large, max-video-preview:-1\" \/>\n<link rel=\"canonical\" href=\"https:\/\/enviaya.com.mx\/en\/prepaid-waybills\/\" \/>\n<meta property=\"og:locale\" content=\"en_US\" \/>\n<meta property=\"og:type\" content=\"article\" \/>\n<meta property=\"og:title\" content=\"Prepaid waybills\" \/>\n<meta property=\"og:description\" content=\"Buy domestic and international prepaid waybills at the best price with FedEx, DHL, Redpack and other carriers in our shipping quote engine.\" \/>\n<meta property=\"og:url\" content=\"https:\/\/enviaya.com.mx\/en\/prepaid-waybills\/\" \/>\n<meta property=\"og:site_name\" content=\"Env\u00edaYa\" \/>\n<meta property=\"og:image\" content=\"https:\/\/enviaya.com.mx\/wp-content\/uploads\/operadores.svg\" \/>\n<meta name=\"twitter:card\" content=\"summary_large_image\" \/>\n<meta name=\"twitter:label1\" content=\"Est. reading time\" \/>\n\t<meta name=\"twitter:data1\" content=\"2 minutes\" \/>\n<script type=\"application\/ld+json\" class=\"yoast-schema-graph\">{\"@context\":\"https:\/\/schema.org\",\"@graph\":[{\"@type\":\"WebPage\",\"@id\":\"https:\/\/enviaya.com.mx\/en\/prepaid-waybills\/\",\"url\":\"https:\/\/enviaya.com.mx\/en\/prepaid-waybills\/\",\"name\":\"Prepaid waybills (FedEx, DHL, Redpack and others) | EnviaYa\",\"isPartOf\":{\"@id\":\"https:\/\/enviaya.com.mx\/en\/#website\"},\"datePublished\":\"2021-03-17T00:45:07+00:00\",\"description\":\"Buy domestic and international prepaid waybills at the best price with FedEx, DHL, Redpack and other carriers in our shipping quote engine.\",\"breadcrumb\":{\"@id\":\"https:\/\/enviaya.com.mx\/en\/prepaid-waybills\/#breadcrumb\"},\"inLanguage\":\"en-US\",\"potentialAction\":[{\"@type\":\"ReadAction\",\"target\":[\"https:\/\/enviaya.com.mx\/en\/prepaid-waybills\/\"]}]},{\"@type\":\"BreadcrumbList\",\"@id\":\"https:\/\/enviaya.com.mx\/en\/prepaid-waybills\/#breadcrumb\",\"itemListElement\":[{\"@type\":\"ListItem\",\"position\":1,\"name\":\"Home\",\"item\":\"https:\/\/enviaya.com.mx\/en\/\"},{\"@type\":\"ListItem\",\"position\":2,\"name\":\"Prepaid waybills\"}]},{\"@type\":\"WebSite\",\"@id\":\"https:\/\/enviaya.com.mx\/en\/#website\",\"url\":\"https:\/\/enviaya.com.mx\/en\/\",\"name\":\"Env\u00edaYa\",\"description\":\"Cotiza y administra tus env\u00edos en todas las mensajer\u00edas en un solo lugar y al mejor precio.\",\"potentialAction\":[{\"@type\":\"SearchAction\",\"target\":{\"@type\":\"EntryPoint\",\"urlTemplate\":\"https:\/\/enviaya.com.mx\/en\/?s={search_term_string}\"},\"query-input\":{\"@type\":\"PropertyValueSpecification\",\"valueRequired\":true,\"valueName\":\"search_term_string\"}}],\"inLanguage\":\"en-US\"}]}<\/script>\n<!-- \/ Yoast SEO Premium plugin. -->","yoast_head_json":{"title":"Prepaid waybills (FedEx, DHL, Redpack and others) | EnviaYa","description":"Buy domestic and international prepaid waybills at the best price with FedEx, DHL, Redpack and other carriers in our shipping quote engine.","robots":{"index":"index","follow":"follow","max-snippet":"max-snippet:-1","max-image-preview":"max-image-preview:large","max-video-preview":"max-video-preview:-1"},"canonical":"https:\/\/enviaya.com.mx\/en\/prepaid-waybills\/","og_locale":"en_US","og_type":"article","og_title":"Prepaid waybills","og_description":"Buy domestic and international prepaid waybills at the best price with FedEx, DHL, Redpack and other carriers in our shipping quote engine.","og_url":"https:\/\/enviaya.com.mx\/en\/prepaid-waybills\/","og_site_name":"Env\u00edaYa","og_image":[{"url":"https:\/\/enviaya.com.mx\/wp-content\/uploads\/operadores.svg","type":"","width":"","height":""}],"twitter_card":"summary_large_image","twitter_misc":{"Est. reading time":"2 minutes"},"schema":{"@context":"https:\/\/schema.org","@graph":[{"@type":"WebPage","@id":"https:\/\/enviaya.com.mx\/en\/prepaid-waybills\/","url":"https:\/\/enviaya.com.mx\/en\/prepaid-waybills\/","name":"Prepaid waybills (FedEx, DHL, Redpack and others) | EnviaYa","isPartOf":{"@id":"https:\/\/enviaya.com.mx\/en\/#website"},"datePublished":"2021-03-17T00:45:07+00:00","description":"Buy domestic and international prepaid waybills at the best price with FedEx, DHL, Redpack and other carriers in our shipping quote engine.","breadcrumb":{"@id":"https:\/\/enviaya.com.mx\/en\/prepaid-waybills\/#breadcrumb"},"inLanguage":"en-US","potentialAction":[{"@type":"ReadAction","target":["https:\/\/enviaya.com.mx\/en\/prepaid-waybills\/"]}]},{"@type":"BreadcrumbList","@id":"https:\/\/enviaya.com.mx\/en\/prepaid-waybills\/#breadcrumb","itemListElement":[{"@type":"ListItem","position":1,"name":"Home","item":"https:\/\/enviaya.com.mx\/en\/"},{"@type":"ListItem","position":2,"name":"Prepaid waybills"}]},{"@type":"WebSite","@id":"https:\/\/enviaya.com.mx\/en\/#website","url":"https:\/\/enviaya.com.mx\/en\/","name":"Env\u00edaYa","description":"Cotiza y administra tus env\u00edos en todas las mensajer\u00edas en un solo lugar y al mejor precio.","potentialAction":[{"@type":"SearchAction","target":{"@type":"EntryPoint","urlTemplate":"https:\/\/enviaya.com.mx\/en\/?s={search_term_string}"},"query-input":{"@type":"PropertyValueSpecification","valueRequired":true,"valueName":"search_term_string"}}],"inLanguage":"en-US"}]}},"_links":{"self":[{"href":"https:\/\/enviaya.com.mx\/en\/wp-json\/wp\/v2\/pages\/6686","targetHints":{"allow":["GET"]}}],"collection":[{"href":"https:\/\/enviaya.com.mx\/en\/wp-json\/wp\/v2\/pages"}],"about":[{"href":"https:\/\/enviaya.com.mx\/en\/wp-json\/wp\/v2\/types\/page"}],"author":[{"embeddable":true,"href":"https:\/\/enviaya.com.mx\/en\/wp-json\/wp\/v2\/users\/1"}],"replies":[{"embeddable":true,"href":"https:\/\/enviaya.com.mx\/en\/wp-json\/wp\/v2\/comments?post=6686"}],"version-history":[{"count":0,"href":"https:\/\/enviaya.com.mx\/en\/wp-json\/wp\/v2\/pages\/6686\/revisions"}],"wp:attachment":[{"href":"https:\/\/enviaya.com.mx\/en\/wp-json\/wp\/v2\/media?parent=6686"}],"curies":[{"name":"wp","href":"https:\/\/api.w.org\/{rel}","templated":true}]}}