{"id":10285,"date":"2022-10-10T16:01:09","date_gmt":"2022-10-10T21:01:09","guid":{"rendered":"https:\/\/local.enviaya.com.mx\/?page_id=10285"},"modified":"2022-10-17T15:58:37","modified_gmt":"2022-10-17T20:58:37","slug":"esporadicos","status":"publish","type":"page","link":"https:\/\/enviaya.com.mx\/es\/fedex2022\/esporadicos\/","title":{"rendered":"Tarifa preferencial para clientes espor\u00e1dicos"},"content":{"rendered":"<div id=\"cs-content\" class=\"cs-content\"><\/div>\n","protected":false},"excerpt":{"rendered":"<p> &#8230; <\/p>\n<div><a href=\"https:\/\/enviaya.com.mx\/es\/fedex2022\/esporadicos\/\" class=\"more-link\">Read More<\/a><\/div>\n","protected":false},"author":1,"featured_media":0,"parent":10278,"menu_order":0,"comment_status":"closed","ping_status":"closed","template":"template-blank-8.php","meta":{"footnotes":""},"class_list":["post-10285","page","type-page","status-publish","hentry","no-post-thumbnail"],"yoast_head":"<!-- This site is optimized with the Yoast SEO Premium plugin v22.9 (Yoast SEO v26.1.1) - https:\/\/yoast.com\/wordpress\/plugins\/seo\/ -->\n<title>Cotizador de env\u00edos con FedEx - Env\u00edaYa<\/title>\n<meta name=\"description\" content=\"Cotiza en tiempo real con FedEx y recibe la mejor tarifa de M\u00e9xico con descuentos especiales sin necesidad de volumen.\" \/>\n<meta name=\"robots\" content=\"index, follow, max-snippet:-1, max-image-preview:large, max-video-preview:-1\" \/>\n<link rel=\"canonical\" href=\"https:\/\/enviaya.com.mx\/es\/fedex2022\/esporadicos\/\" \/>\n<meta property=\"og:locale\" content=\"es_MX\" \/>\n<meta property=\"og:type\" content=\"article\" \/>\n<meta property=\"og:title\" content=\"Env\u00edaya. La mejor plataforma para tus env\u00edos.\" \/>\n<meta property=\"og:description\" content=\"Cotiza en tiempo real con FedEx y recibe la mejor tarifa de M\u00e9xico con descuentos especiales sin necesidad de volumen.\" \/>\n<meta property=\"og:url\" content=\"https:\/\/enviaya.com.mx\/es\/fedex2022\/esporadicos\/\" \/>\n<meta property=\"og:site_name\" content=\"Env\u00edaYa\" \/>\n<meta property=\"article:modified_time\" content=\"2022-10-17T20:58:37+00:00\" \/>\n<meta name=\"twitter:card\" content=\"summary_large_image\" \/>\n<meta name=\"twitter:title\" content=\"Tarifa preferencial para clientes espor\u00e1dicos\" \/>\n<meta name=\"twitter:image\" content=\"https:\/\/enviaya.com.mx\/wp-content\/uploads\/guias-prepagadas-fedex.svg\" \/>\n<meta name=\"twitter:label1\" content=\"Tiempo de lectura\" \/>\n\t<meta name=\"twitter:data1\" content=\"3 minutos\" \/>\n<script type=\"application\/ld+json\" class=\"yoast-schema-graph\">{\"@context\":\"https:\/\/schema.org\",\"@graph\":[{\"@type\":\"WebPage\",\"@id\":\"https:\/\/enviaya.com.mx\/es\/fedex2022\/esporadicos\/\",\"url\":\"https:\/\/enviaya.com.mx\/es\/fedex2022\/esporadicos\/\",\"name\":\"Cotizador de env\u00edos con FedEx - Env\u00edaYa\",\"isPartOf\":{\"@id\":\"https:\/\/enviaya.com.mx\/es\/#website\"},\"primaryImageOfPage\":{\"@id\":\"https:\/\/enviaya.com.mx\/es\/fedex2022\/esporadicos\/#primaryimage\"},\"image\":{\"@id\":\"https:\/\/enviaya.com.mx\/es\/fedex2022\/esporadicos\/#primaryimage\"},\"thumbnailUrl\":\"https:\/\/enviaya.com.mx\/wp-content\/uploads\/guias-prepagadas-fedex.svg\",\"datePublished\":\"2022-10-10T21:01:09+00:00\",\"dateModified\":\"2022-10-17T20:58:37+00:00\",\"description\":\"Cotiza en tiempo real con FedEx y recibe la mejor tarifa de M\u00e9xico con descuentos especiales sin necesidad de volumen.\",\"breadcrumb\":{\"@id\":\"https:\/\/enviaya.com.mx\/es\/fedex2022\/esporadicos\/#breadcrumb\"},\"inLanguage\":\"es\",\"potentialAction\":[{\"@type\":\"ReadAction\",\"target\":[\"https:\/\/enviaya.com.mx\/es\/fedex2022\/esporadicos\/\"]}]},{\"@type\":\"ImageObject\",\"inLanguage\":\"es\",\"@id\":\"https:\/\/enviaya.com.mx\/es\/fedex2022\/esporadicos\/#primaryimage\",\"url\":\"https:\/\/enviaya.com.mx\/wp-content\/uploads\/guias-prepagadas-fedex.svg\",\"contentUrl\":\"https:\/\/enviaya.com.mx\/wp-content\/uploads\/guias-prepagadas-fedex.svg\"},{\"@type\":\"BreadcrumbList\",\"@id\":\"https:\/\/enviaya.com.mx\/es\/fedex2022\/esporadicos\/#breadcrumb\",\"itemListElement\":[{\"@type\":\"ListItem\",\"position\":1,\"name\":\"Home\",\"item\":\"https:\/\/enviaya.com.mx\/es\/\"},{\"@type\":\"ListItem\",\"position\":2,\"name\":\"Fedex2022\",\"item\":\"https:\/\/enviaya.com.mx\/es\/fedex2022\/\"},{\"@type\":\"ListItem\",\"position\":3,\"name\":\"Tarifa preferencial para clientes espor\u00e1dicos\"}]},{\"@type\":\"WebSite\",\"@id\":\"https:\/\/enviaya.com.mx\/es\/#website\",\"url\":\"https:\/\/enviaya.com.mx\/es\/\",\"name\":\"Env\u00edaYa\",\"description\":\"Cotiza y administra tus env\u00edos en todas las mensajer\u00edas en un solo lugar y al mejor precio.\",\"potentialAction\":[{\"@type\":\"SearchAction\",\"target\":{\"@type\":\"EntryPoint\",\"urlTemplate\":\"https:\/\/enviaya.com.mx\/es\/?s={search_term_string}\"},\"query-input\":{\"@type\":\"PropertyValueSpecification\",\"valueRequired\":true,\"valueName\":\"search_term_string\"}}],\"inLanguage\":\"es\"}]}<\/script>\n<!-- \/ Yoast SEO Premium plugin. -->","yoast_head_json":{"title":"Cotizador de env\u00edos con FedEx - Env\u00edaYa","description":"Cotiza en tiempo real con FedEx y recibe la mejor tarifa de M\u00e9xico con descuentos especiales sin necesidad de volumen.","robots":{"index":"index","follow":"follow","max-snippet":"max-snippet:-1","max-image-preview":"max-image-preview:large","max-video-preview":"max-video-preview:-1"},"canonical":"https:\/\/enviaya.com.mx\/es\/fedex2022\/esporadicos\/","og_locale":"es_MX","og_type":"article","og_title":"Env\u00edaya. La mejor plataforma para tus env\u00edos.","og_description":"Cotiza en tiempo real con FedEx y recibe la mejor tarifa de M\u00e9xico con descuentos especiales sin necesidad de volumen.","og_url":"https:\/\/enviaya.com.mx\/es\/fedex2022\/esporadicos\/","og_site_name":"Env\u00edaYa","article_modified_time":"2022-10-17T20:58:37+00:00","twitter_card":"summary_large_image","twitter_title":"Tarifa preferencial para clientes espor\u00e1dicos","twitter_image":"https:\/\/enviaya.com.mx\/wp-content\/uploads\/guias-prepagadas-fedex.svg","twitter_misc":{"Tiempo de lectura":"3 minutos"},"schema":{"@context":"https:\/\/schema.org","@graph":[{"@type":"WebPage","@id":"https:\/\/enviaya.com.mx\/es\/fedex2022\/esporadicos\/","url":"https:\/\/enviaya.com.mx\/es\/fedex2022\/esporadicos\/","name":"Cotizador de env\u00edos con FedEx - Env\u00edaYa","isPartOf":{"@id":"https:\/\/enviaya.com.mx\/es\/#website"},"primaryImageOfPage":{"@id":"https:\/\/enviaya.com.mx\/es\/fedex2022\/esporadicos\/#primaryimage"},"image":{"@id":"https:\/\/enviaya.com.mx\/es\/fedex2022\/esporadicos\/#primaryimage"},"thumbnailUrl":"https:\/\/enviaya.com.mx\/wp-content\/uploads\/guias-prepagadas-fedex.svg","datePublished":"2022-10-10T21:01:09+00:00","dateModified":"2022-10-17T20:58:37+00:00","description":"Cotiza en tiempo real con FedEx y recibe la mejor tarifa de M\u00e9xico con descuentos especiales sin necesidad de volumen.","breadcrumb":{"@id":"https:\/\/enviaya.com.mx\/es\/fedex2022\/esporadicos\/#breadcrumb"},"inLanguage":"es","potentialAction":[{"@type":"ReadAction","target":["https:\/\/enviaya.com.mx\/es\/fedex2022\/esporadicos\/"]}]},{"@type":"ImageObject","inLanguage":"es","@id":"https:\/\/enviaya.com.mx\/es\/fedex2022\/esporadicos\/#primaryimage","url":"https:\/\/enviaya.com.mx\/wp-content\/uploads\/guias-prepagadas-fedex.svg","contentUrl":"https:\/\/enviaya.com.mx\/wp-content\/uploads\/guias-prepagadas-fedex.svg"},{"@type":"BreadcrumbList","@id":"https:\/\/enviaya.com.mx\/es\/fedex2022\/esporadicos\/#breadcrumb","itemListElement":[{"@type":"ListItem","position":1,"name":"Home","item":"https:\/\/enviaya.com.mx\/es\/"},{"@type":"ListItem","position":2,"name":"Fedex2022","item":"https:\/\/enviaya.com.mx\/es\/fedex2022\/"},{"@type":"ListItem","position":3,"name":"Tarifa preferencial para clientes espor\u00e1dicos"}]},{"@type":"WebSite","@id":"https:\/\/enviaya.com.mx\/es\/#website","url":"https:\/\/enviaya.com.mx\/es\/","name":"Env\u00edaYa","description":"Cotiza y administra tus env\u00edos en todas las mensajer\u00edas en un solo lugar y al mejor precio.","potentialAction":[{"@type":"SearchAction","target":{"@type":"EntryPoint","urlTemplate":"https:\/\/enviaya.com.mx\/es\/?s={search_term_string}"},"query-input":{"@type":"PropertyValueSpecification","valueRequired":true,"valueName":"search_term_string"}}],"inLanguage":"es"}]}},"_links":{"self":[{"href":"https:\/\/enviaya.com.mx\/es\/wp-json\/wp\/v2\/pages\/10285","targetHints":{"allow":["GET"]}}],"collection":[{"href":"https:\/\/enviaya.com.mx\/es\/wp-json\/wp\/v2\/pages"}],"about":[{"href":"https:\/\/enviaya.com.mx\/es\/wp-json\/wp\/v2\/types\/page"}],"author":[{"embeddable":true,"href":"https:\/\/enviaya.com.mx\/es\/wp-json\/wp\/v2\/users\/1"}],"replies":[{"embeddable":true,"href":"https:\/\/enviaya.com.mx\/es\/wp-json\/wp\/v2\/comments?post=10285"}],"version-history":[{"count":26,"href":"https:\/\/enviaya.com.mx\/es\/wp-json\/wp\/v2\/pages\/10285\/revisions"}],"predecessor-version":[{"id":10321,"href":"https:\/\/enviaya.com.mx\/es\/wp-json\/wp\/v2\/pages\/10285\/revisions\/10321"}],"up":[{"embeddable":true,"href":"https:\/\/enviaya.com.mx\/es\/wp-json\/wp\/v2\/pages\/10278"}],"wp:attachment":[{"href":"https:\/\/enviaya.com.mx\/es\/wp-json\/wp\/v2\/media?parent=10285"}],"curies":[{"name":"wp","href":"https:\/\/api.w.org\/{rel}","templated":true}]}}