{"id":11016,"date":"2023-05-15T09:22:23","date_gmt":"2023-05-15T15:22:23","guid":{"rendered":"https:\/\/local.enviaya.com.mx\/terminos-y-condiciones\/promocion-fedex-2\/"},"modified":"2023-05-19T14:01:31","modified_gmt":"2023-05-19T20:01:31","slug":"promocion-fire-sale","status":"publish","type":"page","link":"https:\/\/enviaya.com.mx\/es\/terminos-y-condiciones\/promocion-fire-sale\/","title":{"rendered":"Promoci\u00f3n Fire Sale |\u00a0T\u00e9rminos y Condiciones"},"content":{"rendered":"<div id=\"cs-content\" class=\"cs-content\"><\/div>\n","protected":false},"excerpt":{"rendered":"<p> &#8230; <\/p>\n<div><a href=\"https:\/\/enviaya.com.mx\/es\/terminos-y-condiciones\/promocion-fire-sale\/\" class=\"more-link\">Read More<\/a><\/div>\n","protected":false},"author":1,"featured_media":0,"parent":2367,"menu_order":0,"comment_status":"closed","ping_status":"closed","template":"template-blank-4.php","meta":{"footnotes":""},"class_list":["post-11016","page","type-page","status-publish","hentry","no-post-thumbnail"],"yoast_head":"<!-- This site is optimized with the Yoast SEO Premium plugin v22.9 (Yoast SEO v26.1.1) - https:\/\/yoast.com\/wordpress\/plugins\/seo\/ -->\n<title>Promoci\u00f3n Fire Sale |\u00a0T\u00e9rminos y Condiciones - Env\u00edaYa<\/title>\n<meta name=\"robots\" content=\"index, follow, max-snippet:-1, max-image-preview:large, max-video-preview:-1\" \/>\n<link rel=\"canonical\" href=\"https:\/\/enviaya.com.mx\/es\/terminos-y-condiciones\/promocion-fire-sale\/\" \/>\n<meta property=\"og:locale\" content=\"es_MX\" \/>\n<meta property=\"og:type\" content=\"article\" \/>\n<meta property=\"og:title\" content=\"Promoci\u00f3n Fire Sale |\u00a0T\u00e9rminos y Condiciones\" \/>\n<meta property=\"og:description\" content=\"... Read More\" \/>\n<meta property=\"og:url\" content=\"https:\/\/enviaya.com.mx\/es\/terminos-y-condiciones\/promocion-fire-sale\/\" \/>\n<meta property=\"og:site_name\" content=\"Env\u00edaYa\" \/>\n<meta property=\"article:modified_time\" content=\"2023-05-19T20:01:31+00:00\" \/>\n<meta name=\"twitter:card\" content=\"summary_large_image\" \/>\n<meta name=\"twitter:label1\" content=\"Tiempo de lectura\" \/>\n\t<meta name=\"twitter:data1\" content=\"2 minutos\" \/>\n<script type=\"application\/ld+json\" class=\"yoast-schema-graph\">{\"@context\":\"https:\/\/schema.org\",\"@graph\":[{\"@type\":\"WebPage\",\"@id\":\"https:\/\/enviaya.com.mx\/es\/terminos-y-condiciones\/promocion-fire-sale\/\",\"url\":\"https:\/\/enviaya.com.mx\/es\/terminos-y-condiciones\/promocion-fire-sale\/\",\"name\":\"Promoci\u00f3n Fire Sale |\u00a0T\u00e9rminos y Condiciones - Env\u00edaYa\",\"isPartOf\":{\"@id\":\"https:\/\/enviaya.com.mx\/es\/#website\"},\"datePublished\":\"2023-05-15T15:22:23+00:00\",\"dateModified\":\"2023-05-19T20:01:31+00:00\",\"breadcrumb\":{\"@id\":\"https:\/\/enviaya.com.mx\/es\/terminos-y-condiciones\/promocion-fire-sale\/#breadcrumb\"},\"inLanguage\":\"es\",\"potentialAction\":[{\"@type\":\"ReadAction\",\"target\":[\"https:\/\/enviaya.com.mx\/es\/terminos-y-condiciones\/promocion-fire-sale\/\"]}]},{\"@type\":\"BreadcrumbList\",\"@id\":\"https:\/\/enviaya.com.mx\/es\/terminos-y-condiciones\/promocion-fire-sale\/#breadcrumb\",\"itemListElement\":[{\"@type\":\"ListItem\",\"position\":1,\"name\":\"Home\",\"item\":\"https:\/\/enviaya.com.mx\/es\/\"},{\"@type\":\"ListItem\",\"position\":2,\"name\":\"T\u00e9rminos y Condiciones\",\"item\":\"https:\/\/enviaya.com.mx\/es\/terminos-y-condiciones\/\"},{\"@type\":\"ListItem\",\"position\":3,\"name\":\"Promoci\u00f3n Fire Sale |\u00a0T\u00e9rminos y Condiciones\"}]},{\"@type\":\"WebSite\",\"@id\":\"https:\/\/enviaya.com.mx\/es\/#website\",\"url\":\"https:\/\/enviaya.com.mx\/es\/\",\"name\":\"Env\u00edaYa\",\"description\":\"Cotiza y administra tus env\u00edos en todas las mensajer\u00edas en un solo lugar y al mejor precio.\",\"potentialAction\":[{\"@type\":\"SearchAction\",\"target\":{\"@type\":\"EntryPoint\",\"urlTemplate\":\"https:\/\/enviaya.com.mx\/es\/?s={search_term_string}\"},\"query-input\":{\"@type\":\"PropertyValueSpecification\",\"valueRequired\":true,\"valueName\":\"search_term_string\"}}],\"inLanguage\":\"es\"}]}<\/script>\n<!-- \/ Yoast SEO Premium plugin. -->","yoast_head_json":{"title":"Promoci\u00f3n Fire Sale |\u00a0T\u00e9rminos y Condiciones - Env\u00edaYa","robots":{"index":"index","follow":"follow","max-snippet":"max-snippet:-1","max-image-preview":"max-image-preview:large","max-video-preview":"max-video-preview:-1"},"canonical":"https:\/\/enviaya.com.mx\/es\/terminos-y-condiciones\/promocion-fire-sale\/","og_locale":"es_MX","og_type":"article","og_title":"Promoci\u00f3n Fire Sale |\u00a0T\u00e9rminos y Condiciones","og_description":"... Read More","og_url":"https:\/\/enviaya.com.mx\/es\/terminos-y-condiciones\/promocion-fire-sale\/","og_site_name":"Env\u00edaYa","article_modified_time":"2023-05-19T20:01:31+00:00","twitter_card":"summary_large_image","twitter_misc":{"Tiempo de lectura":"2 minutos"},"schema":{"@context":"https:\/\/schema.org","@graph":[{"@type":"WebPage","@id":"https:\/\/enviaya.com.mx\/es\/terminos-y-condiciones\/promocion-fire-sale\/","url":"https:\/\/enviaya.com.mx\/es\/terminos-y-condiciones\/promocion-fire-sale\/","name":"Promoci\u00f3n Fire Sale |\u00a0T\u00e9rminos y Condiciones - Env\u00edaYa","isPartOf":{"@id":"https:\/\/enviaya.com.mx\/es\/#website"},"datePublished":"2023-05-15T15:22:23+00:00","dateModified":"2023-05-19T20:01:31+00:00","breadcrumb":{"@id":"https:\/\/enviaya.com.mx\/es\/terminos-y-condiciones\/promocion-fire-sale\/#breadcrumb"},"inLanguage":"es","potentialAction":[{"@type":"ReadAction","target":["https:\/\/enviaya.com.mx\/es\/terminos-y-condiciones\/promocion-fire-sale\/"]}]},{"@type":"BreadcrumbList","@id":"https:\/\/enviaya.com.mx\/es\/terminos-y-condiciones\/promocion-fire-sale\/#breadcrumb","itemListElement":[{"@type":"ListItem","position":1,"name":"Home","item":"https:\/\/enviaya.com.mx\/es\/"},{"@type":"ListItem","position":2,"name":"T\u00e9rminos y Condiciones","item":"https:\/\/enviaya.com.mx\/es\/terminos-y-condiciones\/"},{"@type":"ListItem","position":3,"name":"Promoci\u00f3n Fire Sale |\u00a0T\u00e9rminos y Condiciones"}]},{"@type":"WebSite","@id":"https:\/\/enviaya.com.mx\/es\/#website","url":"https:\/\/enviaya.com.mx\/es\/","name":"Env\u00edaYa","description":"Cotiza y administra tus env\u00edos en todas las mensajer\u00edas en un solo lugar y al mejor precio.","potentialAction":[{"@type":"SearchAction","target":{"@type":"EntryPoint","urlTemplate":"https:\/\/enviaya.com.mx\/es\/?s={search_term_string}"},"query-input":{"@type":"PropertyValueSpecification","valueRequired":true,"valueName":"search_term_string"}}],"inLanguage":"es"}]}},"_links":{"self":[{"href":"https:\/\/enviaya.com.mx\/es\/wp-json\/wp\/v2\/pages\/11016","targetHints":{"allow":["GET"]}}],"collection":[{"href":"https:\/\/enviaya.com.mx\/es\/wp-json\/wp\/v2\/pages"}],"about":[{"href":"https:\/\/enviaya.com.mx\/es\/wp-json\/wp\/v2\/types\/page"}],"author":[{"embeddable":true,"href":"https:\/\/enviaya.com.mx\/es\/wp-json\/wp\/v2\/users\/1"}],"replies":[{"embeddable":true,"href":"https:\/\/enviaya.com.mx\/es\/wp-json\/wp\/v2\/comments?post=11016"}],"version-history":[{"count":7,"href":"https:\/\/enviaya.com.mx\/es\/wp-json\/wp\/v2\/pages\/11016\/revisions"}],"predecessor-version":[{"id":11047,"href":"https:\/\/enviaya.com.mx\/es\/wp-json\/wp\/v2\/pages\/11016\/revisions\/11047"}],"up":[{"embeddable":true,"href":"https:\/\/enviaya.com.mx\/es\/wp-json\/wp\/v2\/pages\/2367"}],"wp:attachment":[{"href":"https:\/\/enviaya.com.mx\/es\/wp-json\/wp\/v2\/media?parent=11016"}],"curies":[{"name":"wp","href":"https:\/\/api.w.org\/{rel}","templated":true}]}}