{"id":5739,"date":"2021-10-01T19:22:55","date_gmt":"2021-10-02T00:22:55","guid":{"rendered":"https:\/\/local.enviaya.com.mx\/?page_id=5739"},"modified":"2026-02-20T01:10:03","modified_gmt":"2026-02-20T07:10:03","slug":"plataforma","status":"publish","type":"page","link":"https:\/\/enviaya.com.mx\/es\/plataforma\/","title":{"rendered":"Plataforma"},"content":{"rendered":"<div id=\"cs-content\" class=\"cs-content\"><\/div>\n","protected":false},"excerpt":{"rendered":"<p> &#8230; <\/p>\n<div><a href=\"https:\/\/enviaya.com.mx\/es\/plataforma\/\" class=\"more-link\">Read More<\/a><\/div>\n","protected":false},"author":1,"featured_media":0,"parent":0,"menu_order":0,"comment_status":"closed","ping_status":"closed","template":"template-blank-4.php","meta":{"footnotes":""},"class_list":["post-5739","page","type-page","status-publish","hentry","no-post-thumbnail"],"yoast_head":"<!-- This site is optimized with the Yoast SEO Premium plugin v22.9 (Yoast SEO v26.1.1) - https:\/\/yoast.com\/wordpress\/plugins\/seo\/ -->\n<title>Plataforma de Env\u00edos con las Mejores Tarifas - Env\u00edaYa<\/title>\n<meta name=\"description\" content=\"Con la plataforma de env\u00edos puedes enviar tus paquetes de tu tienda online a precios menores a los del mercado. Entra a Env\u00edaYa, reg\u00edstrate y ahorra.\" \/>\n<meta name=\"robots\" content=\"index, follow, max-snippet:-1, max-image-preview:large, max-video-preview:-1\" \/>\n<link rel=\"canonical\" href=\"https:\/\/enviaya.com.mx\/es\/plataforma\/\" \/>\n<meta property=\"og:locale\" content=\"es_MX\" \/>\n<meta property=\"og:type\" content=\"article\" \/>\n<meta property=\"og:title\" content=\"Plataforma\" \/>\n<meta property=\"og:description\" content=\"Con la plataforma de env\u00edos puedes enviar tus paquetes de tu tienda online a precios menores a los del mercado. Entra a Env\u00edaYa, reg\u00edstrate y ahorra.\" \/>\n<meta property=\"og:url\" content=\"https:\/\/enviaya.com.mx\/es\/plataforma\/\" \/>\n<meta property=\"og:site_name\" content=\"Env\u00edaYa\" \/>\n<meta property=\"article:modified_time\" content=\"2026-02-20T07:10:03+00:00\" \/>\n<meta property=\"og:image\" content=\"https:\/\/enviaya.com.mx\/wp-content\/uploads\/company.jpg\" \/>\n\t<meta property=\"og:image:width\" content=\"744\" \/>\n\t<meta property=\"og:image:height\" content=\"329\" \/>\n\t<meta property=\"og:image:type\" content=\"image\/jpeg\" \/>\n<meta name=\"twitter:card\" content=\"summary_large_image\" \/>\n<meta name=\"twitter:label1\" content=\"Tiempo de lectura\" \/>\n\t<meta name=\"twitter:data1\" content=\"7 minutos\" \/>\n<script type=\"application\/ld+json\" class=\"yoast-schema-graph\">{\"@context\":\"https:\/\/schema.org\",\"@graph\":[{\"@type\":\"WebPage\",\"@id\":\"https:\/\/enviaya.com.mx\/es\/plataforma\/\",\"url\":\"https:\/\/enviaya.com.mx\/es\/plataforma\/\",\"name\":\"Plataforma de Env\u00edos con las Mejores Tarifas - Env\u00edaYa\",\"isPartOf\":{\"@id\":\"https:\/\/enviaya.com.mx\/es\/#website\"},\"datePublished\":\"2021-10-02T00:22:55+00:00\",\"dateModified\":\"2026-02-20T07:10:03+00:00\",\"description\":\"Con la plataforma de env\u00edos puedes enviar tus paquetes de tu tienda online a precios menores a los del mercado. Entra a Env\u00edaYa, reg\u00edstrate y ahorra.\",\"breadcrumb\":{\"@id\":\"https:\/\/enviaya.com.mx\/es\/plataforma\/#breadcrumb\"},\"inLanguage\":\"es\",\"potentialAction\":[{\"@type\":\"ReadAction\",\"target\":[\"https:\/\/enviaya.com.mx\/es\/plataforma\/\"]}]},{\"@type\":\"BreadcrumbList\",\"@id\":\"https:\/\/enviaya.com.mx\/es\/plataforma\/#breadcrumb\",\"itemListElement\":[{\"@type\":\"ListItem\",\"position\":1,\"name\":\"Home\",\"item\":\"https:\/\/enviaya.com.mx\/es\/\"},{\"@type\":\"ListItem\",\"position\":2,\"name\":\"Plataforma\"}]},{\"@type\":\"WebSite\",\"@id\":\"https:\/\/enviaya.com.mx\/es\/#website\",\"url\":\"https:\/\/enviaya.com.mx\/es\/\",\"name\":\"Env\u00edaYa\",\"description\":\"Cotiza y administra tus env\u00edos en todas las mensajer\u00edas en un solo lugar y al mejor precio.\",\"potentialAction\":[{\"@type\":\"SearchAction\",\"target\":{\"@type\":\"EntryPoint\",\"urlTemplate\":\"https:\/\/enviaya.com.mx\/es\/?s={search_term_string}\"},\"query-input\":{\"@type\":\"PropertyValueSpecification\",\"valueRequired\":true,\"valueName\":\"search_term_string\"}}],\"inLanguage\":\"es\"}]}<\/script>\n<!-- \/ Yoast SEO Premium plugin. -->","yoast_head_json":{"title":"Plataforma de Env\u00edos con las Mejores Tarifas - Env\u00edaYa","description":"Con la plataforma de env\u00edos puedes enviar tus paquetes de tu tienda online a precios menores a los del mercado. Entra a Env\u00edaYa, reg\u00edstrate y ahorra.","robots":{"index":"index","follow":"follow","max-snippet":"max-snippet:-1","max-image-preview":"max-image-preview:large","max-video-preview":"max-video-preview:-1"},"canonical":"https:\/\/enviaya.com.mx\/es\/plataforma\/","og_locale":"es_MX","og_type":"article","og_title":"Plataforma","og_description":"Con la plataforma de env\u00edos puedes enviar tus paquetes de tu tienda online a precios menores a los del mercado. Entra a Env\u00edaYa, reg\u00edstrate y ahorra.","og_url":"https:\/\/enviaya.com.mx\/es\/plataforma\/","og_site_name":"Env\u00edaYa","article_modified_time":"2026-02-20T07:10:03+00:00","og_image":[{"width":744,"height":329,"url":"https:\/\/enviaya.com.mx\/wp-content\/uploads\/company.jpg","type":"image\/jpeg"}],"twitter_card":"summary_large_image","twitter_misc":{"Tiempo de lectura":"7 minutos"},"schema":{"@context":"https:\/\/schema.org","@graph":[{"@type":"WebPage","@id":"https:\/\/enviaya.com.mx\/es\/plataforma\/","url":"https:\/\/enviaya.com.mx\/es\/plataforma\/","name":"Plataforma de Env\u00edos con las Mejores Tarifas - Env\u00edaYa","isPartOf":{"@id":"https:\/\/enviaya.com.mx\/es\/#website"},"datePublished":"2021-10-02T00:22:55+00:00","dateModified":"2026-02-20T07:10:03+00:00","description":"Con la plataforma de env\u00edos puedes enviar tus paquetes de tu tienda online a precios menores a los del mercado. Entra a Env\u00edaYa, reg\u00edstrate y ahorra.","breadcrumb":{"@id":"https:\/\/enviaya.com.mx\/es\/plataforma\/#breadcrumb"},"inLanguage":"es","potentialAction":[{"@type":"ReadAction","target":["https:\/\/enviaya.com.mx\/es\/plataforma\/"]}]},{"@type":"BreadcrumbList","@id":"https:\/\/enviaya.com.mx\/es\/plataforma\/#breadcrumb","itemListElement":[{"@type":"ListItem","position":1,"name":"Home","item":"https:\/\/enviaya.com.mx\/es\/"},{"@type":"ListItem","position":2,"name":"Plataforma"}]},{"@type":"WebSite","@id":"https:\/\/enviaya.com.mx\/es\/#website","url":"https:\/\/enviaya.com.mx\/es\/","name":"Env\u00edaYa","description":"Cotiza y administra tus env\u00edos en todas las mensajer\u00edas en un solo lugar y al mejor precio.","potentialAction":[{"@type":"SearchAction","target":{"@type":"EntryPoint","urlTemplate":"https:\/\/enviaya.com.mx\/es\/?s={search_term_string}"},"query-input":{"@type":"PropertyValueSpecification","valueRequired":true,"valueName":"search_term_string"}}],"inLanguage":"es"}]}},"_links":{"self":[{"href":"https:\/\/enviaya.com.mx\/es\/wp-json\/wp\/v2\/pages\/5739","targetHints":{"allow":["GET"]}}],"collection":[{"href":"https:\/\/enviaya.com.mx\/es\/wp-json\/wp\/v2\/pages"}],"about":[{"href":"https:\/\/enviaya.com.mx\/es\/wp-json\/wp\/v2\/types\/page"}],"author":[{"embeddable":true,"href":"https:\/\/enviaya.com.mx\/es\/wp-json\/wp\/v2\/users\/1"}],"replies":[{"embeddable":true,"href":"https:\/\/enviaya.com.mx\/es\/wp-json\/wp\/v2\/comments?post=5739"}],"version-history":[{"count":48,"href":"https:\/\/enviaya.com.mx\/es\/wp-json\/wp\/v2\/pages\/5739\/revisions"}],"predecessor-version":[{"id":11665,"href":"https:\/\/enviaya.com.mx\/es\/wp-json\/wp\/v2\/pages\/5739\/revisions\/11665"}],"wp:attachment":[{"href":"https:\/\/enviaya.com.mx\/es\/wp-json\/wp\/v2\/media?parent=5739"}],"curies":[{"name":"wp","href":"https:\/\/api.w.org\/{rel}","templated":true}]}}