{"id":5766,"date":"2021-10-01T17:49:21","date_gmt":"2021-10-01T22:49:21","guid":{"rendered":"https:\/\/local.enviaya.com.mx\/?page_id=5766"},"modified":"2026-02-20T01:13:14","modified_gmt":"2026-02-20T07:13:14","slug":"ecommerce","status":"publish","type":"page","link":"https:\/\/enviaya.com.mx\/es\/ecommerce\/","title":{"rendered":"Ecommerce"},"content":{"rendered":"<div id=\"cs-content\" class=\"cs-content\"><\/div>\n","protected":false},"excerpt":{"rendered":"<p> &#8230; <\/p>\n<div><a href=\"https:\/\/enviaya.com.mx\/es\/ecommerce\/\" class=\"more-link\">Read More<\/a><\/div>\n","protected":false},"author":1,"featured_media":0,"parent":0,"menu_order":0,"comment_status":"closed","ping_status":"closed","template":"template-blank-4.php","meta":{"footnotes":""},"class_list":["post-5766","page","type-page","status-publish","hentry","no-post-thumbnail"],"yoast_head":"<!-- This site is optimized with the Yoast SEO Premium plugin v22.9 (Yoast SEO v26.1.1) - https:\/\/yoast.com\/wordpress\/plugins\/seo\/ -->\n<title>Plugin de env\u00edos integrado 100% en tu checkout - Env\u00edaYa<\/title>\n<meta name=\"description\" content=\"\u00danico plugin de env\u00edos integrado 100% en checkout y que permite realizar env\u00edos con un solo click. Enviaya es el mejor plugin de env\u00edo para tu ecommerce.\" \/>\n<meta name=\"robots\" content=\"index, follow, max-snippet:-1, max-image-preview:large, max-video-preview:-1\" \/>\n<link rel=\"canonical\" href=\"https:\/\/enviaya.com.mx\/es\/ecommerce\/\" \/>\n<meta property=\"og:locale\" content=\"es_MX\" \/>\n<meta property=\"og:type\" content=\"article\" \/>\n<meta property=\"og:title\" content=\"Ecommerce\" \/>\n<meta property=\"og:description\" content=\"\u00danico plugin de env\u00edos integrado 100% en checkout y que permite realizar env\u00edos con un solo click. Enviaya es el mejor plugin de env\u00edo para tu ecommerce.\" \/>\n<meta property=\"og:url\" content=\"https:\/\/enviaya.com.mx\/es\/ecommerce\/\" \/>\n<meta property=\"og:site_name\" content=\"Env\u00edaYa\" \/>\n<meta property=\"article:modified_time\" content=\"2026-02-20T07:13:14+00:00\" \/>\n<meta name=\"twitter:card\" content=\"summary_large_image\" \/>\n<meta name=\"twitter:label1\" content=\"Tiempo de lectura\" \/>\n\t<meta name=\"twitter:data1\" content=\"4 minutos\" \/>\n<script type=\"application\/ld+json\" class=\"yoast-schema-graph\">{\"@context\":\"https:\/\/schema.org\",\"@graph\":[{\"@type\":\"WebPage\",\"@id\":\"https:\/\/enviaya.com.mx\/es\/ecommerce\/\",\"url\":\"https:\/\/enviaya.com.mx\/es\/ecommerce\/\",\"name\":\"Plugin de env\u00edos integrado 100% en tu checkout - Env\u00edaYa\",\"isPartOf\":{\"@id\":\"https:\/\/enviaya.com.mx\/es\/#website\"},\"datePublished\":\"2021-10-01T22:49:21+00:00\",\"dateModified\":\"2026-02-20T07:13:14+00:00\",\"description\":\"\u00danico plugin de env\u00edos integrado 100% en checkout y que permite realizar env\u00edos con un solo click. Enviaya es el mejor plugin de env\u00edo para tu ecommerce.\",\"breadcrumb\":{\"@id\":\"https:\/\/enviaya.com.mx\/es\/ecommerce\/#breadcrumb\"},\"inLanguage\":\"es\",\"potentialAction\":[{\"@type\":\"ReadAction\",\"target\":[\"https:\/\/enviaya.com.mx\/es\/ecommerce\/\"]}]},{\"@type\":\"BreadcrumbList\",\"@id\":\"https:\/\/enviaya.com.mx\/es\/ecommerce\/#breadcrumb\",\"itemListElement\":[{\"@type\":\"ListItem\",\"position\":1,\"name\":\"Home\",\"item\":\"https:\/\/enviaya.com.mx\/es\/\"},{\"@type\":\"ListItem\",\"position\":2,\"name\":\"Ecommerce\"}]},{\"@type\":\"WebSite\",\"@id\":\"https:\/\/enviaya.com.mx\/es\/#website\",\"url\":\"https:\/\/enviaya.com.mx\/es\/\",\"name\":\"Env\u00edaYa\",\"description\":\"Cotiza y administra tus env\u00edos en todas las mensajer\u00edas en un solo lugar y al mejor precio.\",\"potentialAction\":[{\"@type\":\"SearchAction\",\"target\":{\"@type\":\"EntryPoint\",\"urlTemplate\":\"https:\/\/enviaya.com.mx\/es\/?s={search_term_string}\"},\"query-input\":{\"@type\":\"PropertyValueSpecification\",\"valueRequired\":true,\"valueName\":\"search_term_string\"}}],\"inLanguage\":\"es\"}]}<\/script>\n<!-- \/ Yoast SEO Premium plugin. -->","yoast_head_json":{"title":"Plugin de env\u00edos integrado 100% en tu checkout - Env\u00edaYa","description":"\u00danico plugin de env\u00edos integrado 100% en checkout y que permite realizar env\u00edos con un solo click. Enviaya es el mejor plugin de env\u00edo para tu ecommerce.","robots":{"index":"index","follow":"follow","max-snippet":"max-snippet:-1","max-image-preview":"max-image-preview:large","max-video-preview":"max-video-preview:-1"},"canonical":"https:\/\/enviaya.com.mx\/es\/ecommerce\/","og_locale":"es_MX","og_type":"article","og_title":"Ecommerce","og_description":"\u00danico plugin de env\u00edos integrado 100% en checkout y que permite realizar env\u00edos con un solo click. Enviaya es el mejor plugin de env\u00edo para tu ecommerce.","og_url":"https:\/\/enviaya.com.mx\/es\/ecommerce\/","og_site_name":"Env\u00edaYa","article_modified_time":"2026-02-20T07:13:14+00:00","twitter_card":"summary_large_image","twitter_misc":{"Tiempo de lectura":"4 minutos"},"schema":{"@context":"https:\/\/schema.org","@graph":[{"@type":"WebPage","@id":"https:\/\/enviaya.com.mx\/es\/ecommerce\/","url":"https:\/\/enviaya.com.mx\/es\/ecommerce\/","name":"Plugin de env\u00edos integrado 100% en tu checkout - Env\u00edaYa","isPartOf":{"@id":"https:\/\/enviaya.com.mx\/es\/#website"},"datePublished":"2021-10-01T22:49:21+00:00","dateModified":"2026-02-20T07:13:14+00:00","description":"\u00danico plugin de env\u00edos integrado 100% en checkout y que permite realizar env\u00edos con un solo click. Enviaya es el mejor plugin de env\u00edo para tu ecommerce.","breadcrumb":{"@id":"https:\/\/enviaya.com.mx\/es\/ecommerce\/#breadcrumb"},"inLanguage":"es","potentialAction":[{"@type":"ReadAction","target":["https:\/\/enviaya.com.mx\/es\/ecommerce\/"]}]},{"@type":"BreadcrumbList","@id":"https:\/\/enviaya.com.mx\/es\/ecommerce\/#breadcrumb","itemListElement":[{"@type":"ListItem","position":1,"name":"Home","item":"https:\/\/enviaya.com.mx\/es\/"},{"@type":"ListItem","position":2,"name":"Ecommerce"}]},{"@type":"WebSite","@id":"https:\/\/enviaya.com.mx\/es\/#website","url":"https:\/\/enviaya.com.mx\/es\/","name":"Env\u00edaYa","description":"Cotiza y administra tus env\u00edos en todas las mensajer\u00edas en un solo lugar y al mejor precio.","potentialAction":[{"@type":"SearchAction","target":{"@type":"EntryPoint","urlTemplate":"https:\/\/enviaya.com.mx\/es\/?s={search_term_string}"},"query-input":{"@type":"PropertyValueSpecification","valueRequired":true,"valueName":"search_term_string"}}],"inLanguage":"es"}]}},"_links":{"self":[{"href":"https:\/\/enviaya.com.mx\/es\/wp-json\/wp\/v2\/pages\/5766","targetHints":{"allow":["GET"]}}],"collection":[{"href":"https:\/\/enviaya.com.mx\/es\/wp-json\/wp\/v2\/pages"}],"about":[{"href":"https:\/\/enviaya.com.mx\/es\/wp-json\/wp\/v2\/types\/page"}],"author":[{"embeddable":true,"href":"https:\/\/enviaya.com.mx\/es\/wp-json\/wp\/v2\/users\/1"}],"replies":[{"embeddable":true,"href":"https:\/\/enviaya.com.mx\/es\/wp-json\/wp\/v2\/comments?post=5766"}],"version-history":[{"count":77,"href":"https:\/\/enviaya.com.mx\/es\/wp-json\/wp\/v2\/pages\/5766\/revisions"}],"predecessor-version":[{"id":11674,"href":"https:\/\/enviaya.com.mx\/es\/wp-json\/wp\/v2\/pages\/5766\/revisions\/11674"}],"wp:attachment":[{"href":"https:\/\/enviaya.com.mx\/es\/wp-json\/wp\/v2\/media?parent=5766"}],"curies":[{"name":"wp","href":"https:\/\/api.w.org\/{rel}","templated":true}]}}