{"id":7424,"date":"2021-09-06T10:56:33","date_gmt":"2021-09-06T15:56:33","guid":{"rendered":"https:\/\/local.enviaya.com.mx\/?page_id=7424"},"modified":"2022-11-08T16:53:37","modified_gmt":"2022-11-08T22:53:37","slug":"ampm","status":"publish","type":"page","link":"https:\/\/enviaya.com.mx\/es\/paqueterias\/ampm\/","title":{"rendered":"Grupo ampm"},"content":{"rendered":"<div id=\"cs-content\" class=\"cs-content\"><\/div>\n","protected":false},"excerpt":{"rendered":"<p> &#8230; <\/p>\n<div><a href=\"https:\/\/enviaya.com.mx\/es\/paqueterias\/ampm\/\" class=\"more-link\">Read More<\/a><\/div>\n","protected":false},"author":1,"featured_media":0,"parent":2483,"menu_order":0,"comment_status":"closed","ping_status":"closed","template":"template-blank-4.php","meta":{"footnotes":""},"class_list":["post-7424","page","type-page","status-publish","hentry","no-post-thumbnail"],"yoast_head":"<!-- This site is optimized with the Yoast SEO Premium plugin v22.9 (Yoast SEO v26.1.1) - https:\/\/yoast.com\/wordpress\/plugins\/seo\/ -->\n<title>Env\u00eda a la mejor tarifa de M\u00e9xico con Grupo ampm - Env\u00edaYa<\/title>\n<meta name=\"description\" content=\"Cotiza en tiempo real y env\u00eda a la mejor tarifa de M\u00e9xico con Grupo ampm. Recibe descuentos especiales sin necesidad de volumen. Centraliza, monitorea, asegura y paga todos tus env\u00edos de Grupo ampm desde un mismo lugar. Somos la soluci\u00f3n integral para tus env\u00edos.\" \/>\n<meta name=\"robots\" content=\"index, follow, max-snippet:-1, max-image-preview:large, max-video-preview:-1\" \/>\n<link rel=\"canonical\" href=\"https:\/\/enviaya.com.mx\/es\/paqueterias\/ampm\/\" \/>\n<meta property=\"og:locale\" content=\"es_MX\" \/>\n<meta property=\"og:type\" content=\"article\" \/>\n<meta property=\"og:title\" content=\"Grupo ampm\" \/>\n<meta property=\"og:description\" content=\"Cotiza en tiempo real y env\u00eda a la mejor tarifa de M\u00e9xico con Grupo ampm. Recibe descuentos especiales sin necesidad de volumen. Centraliza, monitorea, asegura y paga todos tus env\u00edos de Grupo ampm desde un mismo lugar. Somos la soluci\u00f3n integral para tus env\u00edos.\" \/>\n<meta property=\"og:url\" content=\"https:\/\/enviaya.com.mx\/es\/paqueterias\/ampm\/\" \/>\n<meta property=\"og:site_name\" content=\"Env\u00edaYa\" \/>\n<meta property=\"article:modified_time\" content=\"2022-11-08T22:53:37+00:00\" \/>\n<meta name=\"twitter:card\" content=\"summary_large_image\" \/>\n<meta name=\"twitter:label1\" content=\"Tiempo de lectura\" \/>\n\t<meta name=\"twitter:data1\" content=\"1 minuto\" \/>\n<script type=\"application\/ld+json\" class=\"yoast-schema-graph\">{\"@context\":\"https:\/\/schema.org\",\"@graph\":[{\"@type\":\"WebPage\",\"@id\":\"https:\/\/enviaya.com.mx\/es\/paqueterias\/ampm\/\",\"url\":\"https:\/\/enviaya.com.mx\/es\/paqueterias\/ampm\/\",\"name\":\"Env\u00eda a la mejor tarifa de M\u00e9xico con Grupo ampm - Env\u00edaYa\",\"isPartOf\":{\"@id\":\"https:\/\/enviaya.com.mx\/es\/#website\"},\"datePublished\":\"2021-09-06T15:56:33+00:00\",\"dateModified\":\"2022-11-08T22:53:37+00:00\",\"description\":\"Cotiza en tiempo real y env\u00eda a la mejor tarifa de M\u00e9xico con Grupo ampm. Recibe descuentos especiales sin necesidad de volumen. Centraliza, monitorea, asegura y paga todos tus env\u00edos de Grupo ampm desde un mismo lugar. Somos la soluci\u00f3n integral para tus env\u00edos.\",\"breadcrumb\":{\"@id\":\"https:\/\/enviaya.com.mx\/es\/paqueterias\/ampm\/#breadcrumb\"},\"inLanguage\":\"es\",\"potentialAction\":[{\"@type\":\"ReadAction\",\"target\":[\"https:\/\/enviaya.com.mx\/es\/paqueterias\/ampm\/\"]}]},{\"@type\":\"BreadcrumbList\",\"@id\":\"https:\/\/enviaya.com.mx\/es\/paqueterias\/ampm\/#breadcrumb\",\"itemListElement\":[{\"@type\":\"ListItem\",\"position\":1,\"name\":\"Home\",\"item\":\"https:\/\/enviaya.com.mx\/es\/\"},{\"@type\":\"ListItem\",\"position\":2,\"name\":\"Paqueter\u00edas\",\"item\":\"https:\/\/enviaya.com.mx\/es\/paqueterias\/\"},{\"@type\":\"ListItem\",\"position\":3,\"name\":\"Grupo ampm\"}]},{\"@type\":\"WebSite\",\"@id\":\"https:\/\/enviaya.com.mx\/es\/#website\",\"url\":\"https:\/\/enviaya.com.mx\/es\/\",\"name\":\"Env\u00edaYa\",\"description\":\"Cotiza y administra tus env\u00edos en todas las mensajer\u00edas en un solo lugar y al mejor precio.\",\"potentialAction\":[{\"@type\":\"SearchAction\",\"target\":{\"@type\":\"EntryPoint\",\"urlTemplate\":\"https:\/\/enviaya.com.mx\/es\/?s={search_term_string}\"},\"query-input\":{\"@type\":\"PropertyValueSpecification\",\"valueRequired\":true,\"valueName\":\"search_term_string\"}}],\"inLanguage\":\"es\"}]}<\/script>\n<!-- \/ Yoast SEO Premium plugin. -->","yoast_head_json":{"title":"Env\u00eda a la mejor tarifa de M\u00e9xico con Grupo ampm - Env\u00edaYa","description":"Cotiza en tiempo real y env\u00eda a la mejor tarifa de M\u00e9xico con Grupo ampm. Recibe descuentos especiales sin necesidad de volumen. Centraliza, monitorea, asegura y paga todos tus env\u00edos de Grupo ampm desde un mismo lugar. Somos la soluci\u00f3n integral para tus env\u00edos.","robots":{"index":"index","follow":"follow","max-snippet":"max-snippet:-1","max-image-preview":"max-image-preview:large","max-video-preview":"max-video-preview:-1"},"canonical":"https:\/\/enviaya.com.mx\/es\/paqueterias\/ampm\/","og_locale":"es_MX","og_type":"article","og_title":"Grupo ampm","og_description":"Cotiza en tiempo real y env\u00eda a la mejor tarifa de M\u00e9xico con Grupo ampm. Recibe descuentos especiales sin necesidad de volumen. Centraliza, monitorea, asegura y paga todos tus env\u00edos de Grupo ampm desde un mismo lugar. Somos la soluci\u00f3n integral para tus env\u00edos.","og_url":"https:\/\/enviaya.com.mx\/es\/paqueterias\/ampm\/","og_site_name":"Env\u00edaYa","article_modified_time":"2022-11-08T22:53:37+00:00","twitter_card":"summary_large_image","twitter_misc":{"Tiempo de lectura":"1 minuto"},"schema":{"@context":"https:\/\/schema.org","@graph":[{"@type":"WebPage","@id":"https:\/\/enviaya.com.mx\/es\/paqueterias\/ampm\/","url":"https:\/\/enviaya.com.mx\/es\/paqueterias\/ampm\/","name":"Env\u00eda a la mejor tarifa de M\u00e9xico con Grupo ampm - Env\u00edaYa","isPartOf":{"@id":"https:\/\/enviaya.com.mx\/es\/#website"},"datePublished":"2021-09-06T15:56:33+00:00","dateModified":"2022-11-08T22:53:37+00:00","description":"Cotiza en tiempo real y env\u00eda a la mejor tarifa de M\u00e9xico con Grupo ampm. Recibe descuentos especiales sin necesidad de volumen. Centraliza, monitorea, asegura y paga todos tus env\u00edos de Grupo ampm desde un mismo lugar. Somos la soluci\u00f3n integral para tus env\u00edos.","breadcrumb":{"@id":"https:\/\/enviaya.com.mx\/es\/paqueterias\/ampm\/#breadcrumb"},"inLanguage":"es","potentialAction":[{"@type":"ReadAction","target":["https:\/\/enviaya.com.mx\/es\/paqueterias\/ampm\/"]}]},{"@type":"BreadcrumbList","@id":"https:\/\/enviaya.com.mx\/es\/paqueterias\/ampm\/#breadcrumb","itemListElement":[{"@type":"ListItem","position":1,"name":"Home","item":"https:\/\/enviaya.com.mx\/es\/"},{"@type":"ListItem","position":2,"name":"Paqueter\u00edas","item":"https:\/\/enviaya.com.mx\/es\/paqueterias\/"},{"@type":"ListItem","position":3,"name":"Grupo ampm"}]},{"@type":"WebSite","@id":"https:\/\/enviaya.com.mx\/es\/#website","url":"https:\/\/enviaya.com.mx\/es\/","name":"Env\u00edaYa","description":"Cotiza y administra tus env\u00edos en todas las mensajer\u00edas en un solo lugar y al mejor precio.","potentialAction":[{"@type":"SearchAction","target":{"@type":"EntryPoint","urlTemplate":"https:\/\/enviaya.com.mx\/es\/?s={search_term_string}"},"query-input":{"@type":"PropertyValueSpecification","valueRequired":true,"valueName":"search_term_string"}}],"inLanguage":"es"}]}},"_links":{"self":[{"href":"https:\/\/enviaya.com.mx\/es\/wp-json\/wp\/v2\/pages\/7424","targetHints":{"allow":["GET"]}}],"collection":[{"href":"https:\/\/enviaya.com.mx\/es\/wp-json\/wp\/v2\/pages"}],"about":[{"href":"https:\/\/enviaya.com.mx\/es\/wp-json\/wp\/v2\/types\/page"}],"author":[{"embeddable":true,"href":"https:\/\/enviaya.com.mx\/es\/wp-json\/wp\/v2\/users\/1"}],"replies":[{"embeddable":true,"href":"https:\/\/enviaya.com.mx\/es\/wp-json\/wp\/v2\/comments?post=7424"}],"version-history":[{"count":5,"href":"https:\/\/enviaya.com.mx\/es\/wp-json\/wp\/v2\/pages\/7424\/revisions"}],"predecessor-version":[{"id":7517,"href":"https:\/\/enviaya.com.mx\/es\/wp-json\/wp\/v2\/pages\/7424\/revisions\/7517"}],"up":[{"embeddable":true,"href":"https:\/\/enviaya.com.mx\/es\/wp-json\/wp\/v2\/pages\/2483"}],"wp:attachment":[{"href":"https:\/\/enviaya.com.mx\/es\/wp-json\/wp\/v2\/media?parent=7424"}],"curies":[{"name":"wp","href":"https:\/\/api.w.org\/{rel}","templated":true}]}}