{"id":8654,"date":"2021-12-28T11:30:15","date_gmt":"2021-12-28T17:30:15","guid":{"rendered":"https:\/\/local.enviaya.com.mx\/?page_id=8654"},"modified":"2024-06-14T19:48:37","modified_gmt":"2024-06-15T01:48:37","slug":"tiendanube","status":"publish","type":"page","link":"https:\/\/enviaya.com.mx\/es\/ecommerce\/tiendanube\/","title":{"rendered":"Env\u00edos para TiendaNube (Integraci\u00f3n &#038; Plugin)"},"content":{"rendered":"<div id=\"cs-content\" class=\"cs-content\"><\/div>\n","protected":false},"excerpt":{"rendered":"<p> &#8230; <\/p>\n<div><a href=\"https:\/\/enviaya.com.mx\/es\/ecommerce\/tiendanube\/\" class=\"more-link\">Read More<\/a><\/div>\n","protected":false},"author":1,"featured_media":0,"parent":5766,"menu_order":0,"comment_status":"closed","ping_status":"closed","template":"template-blank-4.php","meta":{"footnotes":""},"class_list":["post-8654","page","type-page","status-publish","hentry","no-post-thumbnail"],"yoast_head":"<!-- This site is optimized with the Yoast SEO Premium plugin v22.9 (Yoast SEO v26.1.1) - https:\/\/yoast.com\/wordpress\/plugins\/seo\/ -->\n<title>Env\u00edos para Tiendanube - Integraci\u00f3n | Env\u00edaYa<\/title>\n<meta name=\"description\" content=\"Integraci\u00f3n de env\u00edos para Tiendanube: Cotizaci\u00f3n, Gu\u00edas, Recolecci\u00f3n, Rastreo, Notificaciones y Reportes con todas las mensajer\u00edas y descuentos de volumen.\" \/>\n<meta name=\"robots\" content=\"index, follow, max-snippet:-1, max-image-preview:large, max-video-preview:-1\" \/>\n<link rel=\"canonical\" href=\"https:\/\/enviaya.com.mx\/es\/ecommerce\/tiendanube\/\" \/>\n<meta property=\"og:locale\" content=\"es_MX\" \/>\n<meta property=\"og:type\" content=\"article\" \/>\n<meta property=\"og:title\" content=\"Env\u00edos para TiendaNube (Integraci\u00f3n &amp; Plugin)\" \/>\n<meta property=\"og:description\" content=\"Integraci\u00f3n de env\u00edos para Tiendanube: Cotizaci\u00f3n, Gu\u00edas, Recolecci\u00f3n, Rastreo, Notificaciones y Reportes con todas las mensajer\u00edas y descuentos de volumen.\" \/>\n<meta property=\"og:url\" content=\"https:\/\/enviaya.com.mx\/es\/ecommerce\/tiendanube\/\" \/>\n<meta property=\"og:site_name\" content=\"Env\u00edaYa\" \/>\n<meta property=\"article:modified_time\" content=\"2024-06-15T01:48:37+00:00\" \/>\n<meta property=\"og:image\" content=\"https:\/\/enviaya.com.mx\/wp-content\/uploads\/cabecera-ecommerce.png\" \/>\n\t<meta property=\"og:image:width\" content=\"599\" \/>\n\t<meta property=\"og:image:height\" content=\"402\" \/>\n\t<meta property=\"og:image:type\" content=\"image\/png\" \/>\n<meta name=\"twitter:card\" content=\"summary_large_image\" \/>\n<meta name=\"twitter:label1\" content=\"Tiempo de lectura\" \/>\n\t<meta name=\"twitter:data1\" content=\"3 minutos\" \/>\n<script type=\"application\/ld+json\" class=\"yoast-schema-graph\">{\"@context\":\"https:\/\/schema.org\",\"@graph\":[{\"@type\":\"WebPage\",\"@id\":\"https:\/\/enviaya.com.mx\/es\/ecommerce\/tiendanube\/\",\"url\":\"https:\/\/enviaya.com.mx\/es\/ecommerce\/tiendanube\/\",\"name\":\"Env\u00edos para Tiendanube - Integraci\u00f3n | Env\u00edaYa\",\"isPartOf\":{\"@id\":\"https:\/\/enviaya.com.mx\/es\/#website\"},\"datePublished\":\"2021-12-28T17:30:15+00:00\",\"dateModified\":\"2024-06-15T01:48:37+00:00\",\"description\":\"Integraci\u00f3n de env\u00edos para Tiendanube: Cotizaci\u00f3n, Gu\u00edas, Recolecci\u00f3n, Rastreo, Notificaciones y Reportes con todas las mensajer\u00edas y descuentos de volumen.\",\"breadcrumb\":{\"@id\":\"https:\/\/enviaya.com.mx\/es\/ecommerce\/tiendanube\/#breadcrumb\"},\"inLanguage\":\"es\",\"potentialAction\":[{\"@type\":\"ReadAction\",\"target\":[\"https:\/\/enviaya.com.mx\/es\/ecommerce\/tiendanube\/\"]}]},{\"@type\":\"BreadcrumbList\",\"@id\":\"https:\/\/enviaya.com.mx\/es\/ecommerce\/tiendanube\/#breadcrumb\",\"itemListElement\":[{\"@type\":\"ListItem\",\"position\":1,\"name\":\"Home\",\"item\":\"https:\/\/enviaya.com.mx\/es\/\"},{\"@type\":\"ListItem\",\"position\":2,\"name\":\"Ecommerce\",\"item\":\"https:\/\/enviaya.com.mx\/es\/ecommerce\/\"},{\"@type\":\"ListItem\",\"position\":3,\"name\":\"Env\u00edos para TiendaNube (Integraci\u00f3n &#038; Plugin)\"}]},{\"@type\":\"WebSite\",\"@id\":\"https:\/\/enviaya.com.mx\/es\/#website\",\"url\":\"https:\/\/enviaya.com.mx\/es\/\",\"name\":\"Env\u00edaYa\",\"description\":\"Cotiza y administra tus env\u00edos en todas las mensajer\u00edas en un solo lugar y al mejor precio.\",\"potentialAction\":[{\"@type\":\"SearchAction\",\"target\":{\"@type\":\"EntryPoint\",\"urlTemplate\":\"https:\/\/enviaya.com.mx\/es\/?s={search_term_string}\"},\"query-input\":{\"@type\":\"PropertyValueSpecification\",\"valueRequired\":true,\"valueName\":\"search_term_string\"}}],\"inLanguage\":\"es\"}]}<\/script>\n<!-- \/ Yoast SEO Premium plugin. -->","yoast_head_json":{"title":"Env\u00edos para Tiendanube - Integraci\u00f3n | Env\u00edaYa","description":"Integraci\u00f3n de env\u00edos para Tiendanube: Cotizaci\u00f3n, Gu\u00edas, Recolecci\u00f3n, Rastreo, Notificaciones y Reportes con todas las mensajer\u00edas y descuentos de volumen.","robots":{"index":"index","follow":"follow","max-snippet":"max-snippet:-1","max-image-preview":"max-image-preview:large","max-video-preview":"max-video-preview:-1"},"canonical":"https:\/\/enviaya.com.mx\/es\/ecommerce\/tiendanube\/","og_locale":"es_MX","og_type":"article","og_title":"Env\u00edos para TiendaNube (Integraci\u00f3n & Plugin)","og_description":"Integraci\u00f3n de env\u00edos para Tiendanube: Cotizaci\u00f3n, Gu\u00edas, Recolecci\u00f3n, Rastreo, Notificaciones y Reportes con todas las mensajer\u00edas y descuentos de volumen.","og_url":"https:\/\/enviaya.com.mx\/es\/ecommerce\/tiendanube\/","og_site_name":"Env\u00edaYa","article_modified_time":"2024-06-15T01:48:37+00:00","og_image":[{"width":599,"height":402,"url":"https:\/\/enviaya.com.mx\/wp-content\/uploads\/cabecera-ecommerce.png","type":"image\/png"}],"twitter_card":"summary_large_image","twitter_misc":{"Tiempo de lectura":"3 minutos"},"schema":{"@context":"https:\/\/schema.org","@graph":[{"@type":"WebPage","@id":"https:\/\/enviaya.com.mx\/es\/ecommerce\/tiendanube\/","url":"https:\/\/enviaya.com.mx\/es\/ecommerce\/tiendanube\/","name":"Env\u00edos para Tiendanube - Integraci\u00f3n | Env\u00edaYa","isPartOf":{"@id":"https:\/\/enviaya.com.mx\/es\/#website"},"datePublished":"2021-12-28T17:30:15+00:00","dateModified":"2024-06-15T01:48:37+00:00","description":"Integraci\u00f3n de env\u00edos para Tiendanube: Cotizaci\u00f3n, Gu\u00edas, Recolecci\u00f3n, Rastreo, Notificaciones y Reportes con todas las mensajer\u00edas y descuentos de volumen.","breadcrumb":{"@id":"https:\/\/enviaya.com.mx\/es\/ecommerce\/tiendanube\/#breadcrumb"},"inLanguage":"es","potentialAction":[{"@type":"ReadAction","target":["https:\/\/enviaya.com.mx\/es\/ecommerce\/tiendanube\/"]}]},{"@type":"BreadcrumbList","@id":"https:\/\/enviaya.com.mx\/es\/ecommerce\/tiendanube\/#breadcrumb","itemListElement":[{"@type":"ListItem","position":1,"name":"Home","item":"https:\/\/enviaya.com.mx\/es\/"},{"@type":"ListItem","position":2,"name":"Ecommerce","item":"https:\/\/enviaya.com.mx\/es\/ecommerce\/"},{"@type":"ListItem","position":3,"name":"Env\u00edos para TiendaNube (Integraci\u00f3n &#038; Plugin)"}]},{"@type":"WebSite","@id":"https:\/\/enviaya.com.mx\/es\/#website","url":"https:\/\/enviaya.com.mx\/es\/","name":"Env\u00edaYa","description":"Cotiza y administra tus env\u00edos en todas las mensajer\u00edas en un solo lugar y al mejor precio.","potentialAction":[{"@type":"SearchAction","target":{"@type":"EntryPoint","urlTemplate":"https:\/\/enviaya.com.mx\/es\/?s={search_term_string}"},"query-input":{"@type":"PropertyValueSpecification","valueRequired":true,"valueName":"search_term_string"}}],"inLanguage":"es"}]}},"_links":{"self":[{"href":"https:\/\/enviaya.com.mx\/es\/wp-json\/wp\/v2\/pages\/8654","targetHints":{"allow":["GET"]}}],"collection":[{"href":"https:\/\/enviaya.com.mx\/es\/wp-json\/wp\/v2\/pages"}],"about":[{"href":"https:\/\/enviaya.com.mx\/es\/wp-json\/wp\/v2\/types\/page"}],"author":[{"embeddable":true,"href":"https:\/\/enviaya.com.mx\/es\/wp-json\/wp\/v2\/users\/1"}],"replies":[{"embeddable":true,"href":"https:\/\/enviaya.com.mx\/es\/wp-json\/wp\/v2\/comments?post=8654"}],"version-history":[{"count":7,"href":"https:\/\/enviaya.com.mx\/es\/wp-json\/wp\/v2\/pages\/8654\/revisions"}],"predecessor-version":[{"id":11473,"href":"https:\/\/enviaya.com.mx\/es\/wp-json\/wp\/v2\/pages\/8654\/revisions\/11473"}],"up":[{"embeddable":true,"href":"https:\/\/enviaya.com.mx\/es\/wp-json\/wp\/v2\/pages\/5766"}],"wp:attachment":[{"href":"https:\/\/enviaya.com.mx\/es\/wp-json\/wp\/v2\/media?parent=8654"}],"curies":[{"name":"wp","href":"https:\/\/api.w.org\/{rel}","templated":true}]}}