{"id":9356,"date":"2022-03-17T16:00:55","date_gmt":"2022-03-17T22:00:55","guid":{"rendered":"https:\/\/local.enviaya.com.mx\/?page_id=9356"},"modified":"2022-09-16T01:09:29","modified_gmt":"2022-09-16T06:09:29","slug":"rastreo","status":"publish","type":"page","link":"https:\/\/enviaya.com.mx\/es\/paqueterias\/pickit\/rastreo\/","title":{"rendered":"Rastreo Pickit"},"content":{"rendered":"<div id=\"cs-content\" class=\"cs-content\"><\/div>\n","protected":false},"excerpt":{"rendered":"<p> &#8230; <\/p>\n<div><a href=\"https:\/\/enviaya.com.mx\/es\/paqueterias\/pickit\/rastreo\/\" class=\"more-link\">Read More<\/a><\/div>\n","protected":false},"author":1,"featured_media":0,"parent":9348,"menu_order":0,"comment_status":"closed","ping_status":"closed","template":"template-blank-4.php","meta":{"footnotes":""},"class_list":["post-9356","page","type-page","status-publish","hentry","no-post-thumbnail"],"yoast_head":"<!-- This site is optimized with the Yoast SEO Premium plugin v22.9 (Yoast SEO v26.1.1) - https:\/\/yoast.com\/wordpress\/plugins\/seo\/ -->\n<title>Rastrea y env\u00eda con Pickit - Env\u00edaYa<\/title>\n<meta name=\"description\" content=\"Con Env\u00edaYa puedes rastrear y hacer env\u00edos con Pickit y el resto de paqueter\u00edas a los mejores precios.\" \/>\n<meta name=\"robots\" content=\"index, follow, max-snippet:-1, max-image-preview:large, max-video-preview:-1\" \/>\n<link rel=\"canonical\" href=\"https:\/\/enviaya.com.mx\/es\/paqueterias\/pickit\/rastreo\/\" \/>\n<meta property=\"og:locale\" content=\"es_MX\" \/>\n<meta property=\"og:type\" content=\"article\" \/>\n<meta property=\"og:title\" content=\"Rastreo Pickit\" \/>\n<meta property=\"og:description\" content=\"Con Env\u00edaYa puedes rastrear y hacer env\u00edos con Pickit y el resto de paqueter\u00edas a los mejores precios.\" \/>\n<meta property=\"og:url\" content=\"https:\/\/enviaya.com.mx\/es\/paqueterias\/pickit\/rastreo\/\" \/>\n<meta property=\"og:site_name\" content=\"Env\u00edaYa\" \/>\n<meta property=\"article:modified_time\" content=\"2022-09-16T06:09:29+00:00\" \/>\n<meta name=\"twitter:card\" content=\"summary_large_image\" \/>\n<meta name=\"twitter:label1\" content=\"Tiempo de lectura\" \/>\n\t<meta name=\"twitter:data1\" content=\"1 minuto\" \/>\n<script type=\"application\/ld+json\" class=\"yoast-schema-graph\">{\"@context\":\"https:\/\/schema.org\",\"@graph\":[{\"@type\":\"WebPage\",\"@id\":\"https:\/\/enviaya.com.mx\/es\/paqueterias\/pickit\/rastreo\/\",\"url\":\"https:\/\/enviaya.com.mx\/es\/paqueterias\/pickit\/rastreo\/\",\"name\":\"Rastrea y env\u00eda con Pickit - Env\u00edaYa\",\"isPartOf\":{\"@id\":\"https:\/\/enviaya.com.mx\/es\/#website\"},\"datePublished\":\"2022-03-17T22:00:55+00:00\",\"dateModified\":\"2022-09-16T06:09:29+00:00\",\"description\":\"Con Env\u00edaYa puedes rastrear y hacer env\u00edos con Pickit y el resto de paqueter\u00edas a los mejores precios.\",\"breadcrumb\":{\"@id\":\"https:\/\/enviaya.com.mx\/es\/paqueterias\/pickit\/rastreo\/#breadcrumb\"},\"inLanguage\":\"es\",\"potentialAction\":[{\"@type\":\"ReadAction\",\"target\":[\"https:\/\/enviaya.com.mx\/es\/paqueterias\/pickit\/rastreo\/\"]}]},{\"@type\":\"BreadcrumbList\",\"@id\":\"https:\/\/enviaya.com.mx\/es\/paqueterias\/pickit\/rastreo\/#breadcrumb\",\"itemListElement\":[{\"@type\":\"ListItem\",\"position\":1,\"name\":\"Home\",\"item\":\"https:\/\/enviaya.com.mx\/es\/\"},{\"@type\":\"ListItem\",\"position\":2,\"name\":\"Paqueter\u00edas\",\"item\":\"https:\/\/enviaya.com.mx\/es\/paqueterias\/\"},{\"@type\":\"ListItem\",\"position\":3,\"name\":\"Pickit\",\"item\":\"https:\/\/enviaya.com.mx\/es\/paqueterias\/pickit\/\"},{\"@type\":\"ListItem\",\"position\":4,\"name\":\"Rastreo Pickit\"}]},{\"@type\":\"WebSite\",\"@id\":\"https:\/\/enviaya.com.mx\/es\/#website\",\"url\":\"https:\/\/enviaya.com.mx\/es\/\",\"name\":\"Env\u00edaYa\",\"description\":\"Cotiza y administra tus env\u00edos en todas las mensajer\u00edas en un solo lugar y al mejor precio.\",\"potentialAction\":[{\"@type\":\"SearchAction\",\"target\":{\"@type\":\"EntryPoint\",\"urlTemplate\":\"https:\/\/enviaya.com.mx\/es\/?s={search_term_string}\"},\"query-input\":{\"@type\":\"PropertyValueSpecification\",\"valueRequired\":true,\"valueName\":\"search_term_string\"}}],\"inLanguage\":\"es\"}]}<\/script>\n<!-- \/ Yoast SEO Premium plugin. -->","yoast_head_json":{"title":"Rastrea y env\u00eda con Pickit - Env\u00edaYa","description":"Con Env\u00edaYa puedes rastrear y hacer env\u00edos con Pickit y el resto de paqueter\u00edas a los mejores precios.","robots":{"index":"index","follow":"follow","max-snippet":"max-snippet:-1","max-image-preview":"max-image-preview:large","max-video-preview":"max-video-preview:-1"},"canonical":"https:\/\/enviaya.com.mx\/es\/paqueterias\/pickit\/rastreo\/","og_locale":"es_MX","og_type":"article","og_title":"Rastreo Pickit","og_description":"Con Env\u00edaYa puedes rastrear y hacer env\u00edos con Pickit y el resto de paqueter\u00edas a los mejores precios.","og_url":"https:\/\/enviaya.com.mx\/es\/paqueterias\/pickit\/rastreo\/","og_site_name":"Env\u00edaYa","article_modified_time":"2022-09-16T06:09:29+00:00","twitter_card":"summary_large_image","twitter_misc":{"Tiempo de lectura":"1 minuto"},"schema":{"@context":"https:\/\/schema.org","@graph":[{"@type":"WebPage","@id":"https:\/\/enviaya.com.mx\/es\/paqueterias\/pickit\/rastreo\/","url":"https:\/\/enviaya.com.mx\/es\/paqueterias\/pickit\/rastreo\/","name":"Rastrea y env\u00eda con Pickit - Env\u00edaYa","isPartOf":{"@id":"https:\/\/enviaya.com.mx\/es\/#website"},"datePublished":"2022-03-17T22:00:55+00:00","dateModified":"2022-09-16T06:09:29+00:00","description":"Con Env\u00edaYa puedes rastrear y hacer env\u00edos con Pickit y el resto de paqueter\u00edas a los mejores precios.","breadcrumb":{"@id":"https:\/\/enviaya.com.mx\/es\/paqueterias\/pickit\/rastreo\/#breadcrumb"},"inLanguage":"es","potentialAction":[{"@type":"ReadAction","target":["https:\/\/enviaya.com.mx\/es\/paqueterias\/pickit\/rastreo\/"]}]},{"@type":"BreadcrumbList","@id":"https:\/\/enviaya.com.mx\/es\/paqueterias\/pickit\/rastreo\/#breadcrumb","itemListElement":[{"@type":"ListItem","position":1,"name":"Home","item":"https:\/\/enviaya.com.mx\/es\/"},{"@type":"ListItem","position":2,"name":"Paqueter\u00edas","item":"https:\/\/enviaya.com.mx\/es\/paqueterias\/"},{"@type":"ListItem","position":3,"name":"Pickit","item":"https:\/\/enviaya.com.mx\/es\/paqueterias\/pickit\/"},{"@type":"ListItem","position":4,"name":"Rastreo Pickit"}]},{"@type":"WebSite","@id":"https:\/\/enviaya.com.mx\/es\/#website","url":"https:\/\/enviaya.com.mx\/es\/","name":"Env\u00edaYa","description":"Cotiza y administra tus env\u00edos en todas las mensajer\u00edas en un solo lugar y al mejor precio.","potentialAction":[{"@type":"SearchAction","target":{"@type":"EntryPoint","urlTemplate":"https:\/\/enviaya.com.mx\/es\/?s={search_term_string}"},"query-input":{"@type":"PropertyValueSpecification","valueRequired":true,"valueName":"search_term_string"}}],"inLanguage":"es"}]}},"_links":{"self":[{"href":"https:\/\/enviaya.com.mx\/es\/wp-json\/wp\/v2\/pages\/9356","targetHints":{"allow":["GET"]}}],"collection":[{"href":"https:\/\/enviaya.com.mx\/es\/wp-json\/wp\/v2\/pages"}],"about":[{"href":"https:\/\/enviaya.com.mx\/es\/wp-json\/wp\/v2\/types\/page"}],"author":[{"embeddable":true,"href":"https:\/\/enviaya.com.mx\/es\/wp-json\/wp\/v2\/users\/1"}],"replies":[{"embeddable":true,"href":"https:\/\/enviaya.com.mx\/es\/wp-json\/wp\/v2\/comments?post=9356"}],"version-history":[{"count":1,"href":"https:\/\/enviaya.com.mx\/es\/wp-json\/wp\/v2\/pages\/9356\/revisions"}],"predecessor-version":[{"id":9357,"href":"https:\/\/enviaya.com.mx\/es\/wp-json\/wp\/v2\/pages\/9356\/revisions\/9357"}],"up":[{"embeddable":true,"href":"https:\/\/enviaya.com.mx\/es\/wp-json\/wp\/v2\/pages\/9348"}],"wp:attachment":[{"href":"https:\/\/enviaya.com.mx\/es\/wp-json\/wp\/v2\/media?parent=9356"}],"curies":[{"name":"wp","href":"https:\/\/api.w.org\/{rel}","templated":true}]}}